{"id":4181,"date":"2023-01-20T13:12:30","date_gmt":"2023-01-20T12:12:30","guid":{"rendered":"https:\/\/lichthaus.net\/referencias-de-aparejos\/"},"modified":"2025-09-01T11:29:42","modified_gmt":"2025-09-01T09:29:42","slug":"referenzen-rigging","status":"publish","type":"page","link":"https:\/\/lichthaus.net\/es\/referenzen-rigging\/","title":{"rendered":"Referencias de trabajos de rigging"},"content":{"rendered":"<p><div class=\"fusion-fullwidth fullwidth-box fusion-builder-row-1 fusion-flex-container has-pattern-background has-mask-background fusion-parallax-none nonhundred-percent-fullwidth non-hundred-percent-height-scrolling\" style=\"--awb-border-radius-top-left:0px;--awb-border-radius-top-right:0px;--awb-border-radius-bottom-right:0px;--awb-border-radius-bottom-left:0px;--awb-padding-bottom:3%;--awb-background-image:linear-gradient(180deg, rgba(3,3,3,0.75) 0%,rgba(3,3,3,0.75) 80%),url(https:\/\/lichthaus.net\/wp-content\/uploads\/2020\/03\/banner-13-scaled-1.jpg);;--awb-background-size:cover;--awb-flex-wrap:wrap;\" ><div class=\"fusion-builder-row fusion-row fusion-flex-align-items-flex-start fusion-flex-justify-content-center fusion-flex-content-wrap\" style=\"max-width:calc( 1350px + 0px );margin-left: calc(-0px \/ 2 );margin-right: calc(-0px \/ 2 );\"><div class=\"fusion-layout-column fusion_builder_column fusion-builder-column-0 fusion_builder_column_1_1 1_1 fusion-flex-column fusion-animated\" style=\"--awb-bg-size:cover;--awb-width-large:100%;--awb-margin-top-large:3%;--awb-spacing-right-large:calc( 0 * calc( 100% - 0px ) );--awb-margin-bottom-large:0px;--awb-spacing-left-large:calc( 0 * calc( 100% - 0px ) );--awb-width-medium:100%;--awb-order-medium:0;--awb-spacing-right-medium:0px;--awb-spacing-left-medium:0px;--awb-width-small:100%;--awb-order-small:0;--awb-spacing-right-small:0px;--awb-spacing-left-small:0px;\" data-animationType=\"fadeInUp\" data-animationDuration=\"1.0\" data-animationOffset=\"top-into-view\"><div class=\"fusion-column-wrapper fusion-column-has-shadow fusion-flex-justify-content-flex-start fusion-content-layout-column\"><div class=\"fusion-title title fusion-title-1 fusion-sep-none fusion-title-center fusion-title-text fusion-title-size-three\" style=\"--awb-margin-bottom:.7em;--awb-margin-top-small:10px;--awb-margin-right-small:0px;--awb-margin-bottom-small:10px;--awb-margin-left-small:0px;--awb-font-size:60px;\"><h3 class=\"fusion-title-heading title-heading-center fusion-responsive-typography-calculated\" style=\"margin:0;font-size:1em;--fontSize:60;line-height:1.32;\">\u00a1Nuestras referencias de rigging hablan por s\u00ed solas!<\/h3><\/div>\n<div class=\"table-2\">\n<table width=\"100%\">\n<thead>\n<tr>\n<th align=\"left\">A\u00f1o<\/th>\n<th align=\"left\">T\u00edtulo<\/th>\n<th align=\"left\">Producci\u00f3n<\/th>\n<\/tr>\n<\/thead>\n<tbody>\n<tr>\n<td align=\"left\">2017<\/td>\n<td align=\"left\"><b>Riot Games LCS Arena Gameshow<\/b><\/td>\n<td align=\"left\">TV Skyline Film- and Fernsehgesellschaft mbH<\/td>\n<\/tr>\n<tr>\n<td align=\"left\">2016<\/td>\n<td align=\"left\"><b>Riot Games LCS Arena\u00bb gameshow<\/b><\/td>\n<td align=\"left\">TV Skyline Film- and Fernsehgesellschaft mbH<\/td>\n<\/tr>\n<tr>\n<td align=\"left\">2016<\/td>\n<td align=\"left\"><b>Sense 8<\/b><\/td>\n<td align=\"left\">Oberon Film GmbH<\/td>\n<\/tr>\n<tr>\n<td align=\"left\">2016<\/td>\n<td align=\"left\"><b>Prolight + Sound 2016<\/b><\/td>\n<td align=\"left\">EVE Audio GmbH<\/td>\n<\/tr>\n<tr>\n<td align=\"left\">2016<\/td>\n<td align=\"left\"><b>Babylon Berl\u00edn<\/b><\/td>\n<td align=\"left\">X Films Creative Pool GmbH<\/td>\n<\/tr>\n<tr>\n<td align=\"left\">2016<\/td>\n<td align=\"left\"><b>Flucht ins Blaue<\/b><\/td>\n<td align=\"left\">Novafilm Television Production GmbH<\/td>\n<\/tr>\n<tr>\n<td align=\"left\">2016<\/td>\n<td align=\"left\"><b>Foxtrot<\/b><\/td>\n<td align=\"left\">Pola Pandora Filmproduktionsgesellschaft mbH<\/td>\n<\/tr>\n<tr>\n<td align=\"left\">2016<\/td>\n<td align=\"left\"><b>Mute<\/b><\/td>\n<td align=\"left\">Film Service Babelsberg GmbH<\/td>\n<\/tr>\n<tr>\n<td align=\"left\">2015<\/td>\n<td align=\"left\"><b>Agente 47<\/b><\/td>\n<td align=\"left\">Fox International Productions GmbH<\/td>\n<\/tr>\n<tr>\n<td align=\"left\">2015<\/td>\n<td align=\"left\"><b>Riot Games LCS Arena Gameshow<\/b><\/td>\n<td align=\"left\">TV Skyline Film- and Fernsehgesellschaft mbH<\/td>\n<\/tr>\n<tr>\n<td align=\"left\">2015<\/td>\n<td align=\"left\"><b>Prolight + Sonido 2015<\/b><\/td>\n<td align=\"left\">EVE Audio GmbH<\/td>\n<\/tr>\n<tr>\n<td align=\"left\">2015<\/td>\n<td align=\"left\"><b>Stage Set Scenery &#8211; Messe<\/b><\/td>\n<td align=\"left\">Lightequip Die Lichtwerker GmbH &amp; Co. KG<\/td>\n<\/tr>\n<tr>\n<td align=\"left\">2015<\/td>\n<td align=\"left\"><b>A Cure for Wellness<\/b><\/td>\n<td align=\"left\">24\u00aa Babelsberg Film GmbH<\/td>\n<\/tr>\n<tr>\n<td align=\"left\">2014<\/td>\n<td align=\"left\"><b>Stand \u00abMesse Frankfurt\u00bb EVE Audio<\/b><\/td>\n<td align=\"left\">EVE Audio GmbH<\/td>\n<\/tr>\n<tr>\n<td align=\"left\">2014<\/td>\n<td align=\"left\"><b>Un holograma para el rey<\/b><\/td>\n<td align=\"left\">Oberon Film GmbH<\/td>\n<\/tr>\n<tr>\n<td align=\"left\">2014<\/td>\n<td align=\"left\"><b>Los Juegos del Hambre &#8211; Parte 2<\/b><\/td>\n<td align=\"left\">Sechsundzwanzigste Babelsberg Filmproduktion GmbH<\/td>\n<\/tr>\n<tr>\n<td align=\"left\">2014<\/td>\n<td align=\"left\"><b>Club Picture WM<\/b><\/td>\n<td align=\"left\">CVL Berl\u00edn GmbH<\/td>\n<\/tr>\n<tr>\n<td align=\"left\">2014<\/td>\n<td align=\"left\"><b>Sense 8<\/b><\/td>\n<td align=\"left\">Oberon Film GmbH<\/td>\n<\/tr>\n<tr>\n<td align=\"left\">2014<\/td>\n<td align=\"left\"><b>Pointbreak<\/b><\/td>\n<td align=\"left\">F\u00fcnfundzwanzigste Babelsberg Filmproduktion GmbH<\/td>\n<\/tr>\n<tr>\n<td align=\"left\">2014<\/td>\n<td align=\"left\"><b>Hangar 7<\/b><\/td>\n<td align=\"left\">Contra Light GmbH<\/td>\n<\/tr>\n<tr>\n<td align=\"left\">2014<\/td>\n<td align=\"left\"><b>El Puente de los Esp\u00edas <\/b><\/td>\n<td align=\"left\">Neunundzwanzigste Babelsberg Filmproduktion GmbH<\/td>\n<\/tr>\n<tr>\n<td align=\"left\">2013<\/td>\n<td align=\"left\"><b>Schmidt<\/b><\/td>\n<td align=\"left\">Constantin Television GmbH<\/td>\n<\/tr>\n<tr>\n<td align=\"left\">2013<\/td>\n<td align=\"left\"><b>Die B\u00fccherdiebin<\/b><\/td>\n<td align=\"left\">Twentieth Babelsberg Film GmbH<\/td>\n<\/tr>\n<tr>\n<td align=\"left\">2013<\/td>\n<td align=\"left\"><b>Stand Feria de Frankfurt &#8211; EVE Audio<\/b><\/td>\n<td align=\"left\">EVE Audio GmbH<\/td>\n<\/tr>\n<tr>\n<td align=\"left\">2013<\/td>\n<td align=\"left\"><b>The Cut<\/b><\/td>\n<td align=\"left\">bombero international GmbH &amp; Co KG<\/td>\n<\/tr>\n<tr>\n<td align=\"left\">2012<\/td>\n<td align=\"left\"><b>Stand Feria de Frankfurt &#8211; EVE Audio<\/b><\/td>\n<td align=\"left\">EVE Audio GmbH\/td&gt;<\/td>\n<\/tr>\n<tr>\n<td align=\"left\">2012<\/td>\n<td align=\"left\"><b>Wege zum Gl\u00fcck<\/b><\/td>\n<td align=\"left\">Grundy UFA TV Produktions GmbH \/ Estudio Berl\u00edn<\/td>\n<\/tr>\n<tr>\n<td align=\"left\">2012<\/td>\n<td align=\"left\"><b>Estudio K Berl\u00edn<\/b><\/td>\n<td align=\"left\">Studio Berlin GmbH<\/td>\n<\/tr>\n<tr>\n<td align=\"left\">2012<\/td>\n<td align=\"left\"><b>La Bella y la Bestia<\/b><\/td>\n<td align=\"left\">Eskwad<\/td>\n<\/tr>\n<\/tbody>\n<\/table>\n<\/div>\n<div class=\"fusion-text fusion-text-1\" style=\"--awb-margin-top:3%;\"><p style=\"text-align: center;\">&#8230;y muchos m\u00e1s. \u00a1Tambi\u00e9n estamos encantados de apoyar tus producciones! <\/p>\n<\/div><\/div><\/div><\/div><\/div><div class=\"fusion-fullwidth fullwidth-box fusion-builder-row-2 fusion-flex-container has-pattern-background has-mask-background fusion-parallax-none nonhundred-percent-fullwidth non-hundred-percent-height-scrolling\" style=\"--awb-border-radius-top-left:0px;--awb-border-radius-top-right:0px;--awb-border-radius-bottom-right:0px;--awb-border-radius-bottom-left:0px;--awb-padding-top:3%;--awb-padding-right:9%;--awb-padding-bottom:3%;--awb-padding-left:9%;--awb-margin-top:3%;--awb-margin-bottom:3%;--awb-background-image:url(&quot;https:\/\/lichthaus.net\/wp-content\/uploads\/2023\/03\/hintergrundbild-scaled.jpg-300x200.webp&quot;);--awb-background-size:cover;--awb-flex-wrap:wrap;\" ><div class=\"fusion-builder-row fusion-row fusion-flex-align-items-flex-start fusion-flex-content-wrap\" style=\"max-width:1404px;margin-left: calc(-4% \/ 2 );margin-right: calc(-4% \/ 2 );\"><div class=\"fusion-layout-column fusion_builder_column fusion-builder-column-1 fusion_builder_column_1_1 1_1 fusion-flex-column\" style=\"--awb-bg-size:cover;--awb-width-large:100%;--awb-margin-top-large:0px;--awb-spacing-right-large:1.92%;--awb-margin-bottom-large:20px;--awb-spacing-left-large:1.92%;--awb-width-medium:100%;--awb-order-medium:0;--awb-spacing-right-medium:1.92%;--awb-spacing-left-medium:1.92%;--awb-width-small:100%;--awb-order-small:0;--awb-spacing-right-small:1.92%;--awb-spacing-left-small:1.92%;\"><div class=\"fusion-column-wrapper fusion-column-has-shadow fusion-flex-justify-content-flex-start fusion-content-layout-column\"><div class=\"fusion-title title fusion-title-2 fusion-sep-none fusion-title-center fusion-title-text fusion-title-size-two\" style=\"--awb-margin-top-small:10px;--awb-margin-right-small:0px;--awb-margin-bottom-small:10px;--awb-margin-left-small:0px;\"><h2 class=\"fusion-title-heading title-heading-center fusion-responsive-typography-calculated\" style=\"margin:0;--fontSize:44;line-height:1.26;\">Estamos aqu\u00ed para convencer.<\/h2><\/div><div class=\"fusion-text fusion-text-2\" style=\"--awb-text-color:var(--awb-color4);\"><p style=\"text-align: center;\">Nuestra favorable ubicaci\u00f3n, nuestros modernos equipos y nuestras soluciones flexibles ofrecen numerosas ventajas para tus producciones. Compru\u00e9balo t\u00fa mismo y conoce nuestro servicio orientado a proyectos.<\/p>\n<p style=\"text-align: center;\"><strong>Tambi\u00e9n estaremos encantados de asesorarte: \u00a1personalizado y adaptado a tus producciones!<\/strong><\/p>\n<\/div><div style=\"text-align:center;\"><a class=\"fusion-button button-flat fusion-button-default-size button-default fusion-button-default button-1 fusion-button-default-span fusion-button-default-type fusion-animated\" data-animationType=\"flipiny\" data-animationDuration=\"1.0\" data-animationOffset=\"top-into-view\" target=\"_self\" href=\"https:\/\/lichthaus.net\/es\/contacta-con-nosotros\/\"><span class=\"fusion-button-text awb-button__text awb-button__text--default\">Ponte en contacto con nosotros<\/span><\/a><\/div><\/div><\/div><\/div><\/div>\n<\/p>\n","protected":false},"excerpt":{"rendered":"","protected":false},"author":2,"featured_media":0,"parent":0,"menu_order":0,"comment_status":"closed","ping_status":"closed","template":"100-width.php","meta":{"footnotes":""},"class_list":["post-4181","page","type-page","status-publish","hentry"],"aioseo_notices":[],"_links":{"self":[{"href":"https:\/\/lichthaus.net\/es\/wp-json\/wp\/v2\/pages\/4181","targetHints":{"allow":["GET"]}}],"collection":[{"href":"https:\/\/lichthaus.net\/es\/wp-json\/wp\/v2\/pages"}],"about":[{"href":"https:\/\/lichthaus.net\/es\/wp-json\/wp\/v2\/types\/page"}],"author":[{"embeddable":true,"href":"https:\/\/lichthaus.net\/es\/wp-json\/wp\/v2\/users\/2"}],"replies":[{"embeddable":true,"href":"https:\/\/lichthaus.net\/es\/wp-json\/wp\/v2\/comments?post=4181"}],"version-history":[{"count":8,"href":"https:\/\/lichthaus.net\/es\/wp-json\/wp\/v2\/pages\/4181\/revisions"}],"predecessor-version":[{"id":5064,"href":"https:\/\/lichthaus.net\/es\/wp-json\/wp\/v2\/pages\/4181\/revisions\/5064"}],"wp:attachment":[{"href":"https:\/\/lichthaus.net\/es\/wp-json\/wp\/v2\/media?parent=4181"}],"curies":[{"name":"wp","href":"https:\/\/api.w.org\/{rel}","templated":true}]}}