{"id":4157,"date":"2023-01-20T12:48:39","date_gmt":"2023-01-20T11:48:39","guid":{"rendered":"https:\/\/lichthaus.net\/referencias-publicitarias\/"},"modified":"2025-09-01T11:23:31","modified_gmt":"2025-09-01T09:23:31","slug":"referenzen-werbung","status":"publish","type":"page","link":"https:\/\/lichthaus.net\/es\/referenzen-werbung\/","title":{"rendered":"Spots publicitarios de referencia"},"content":{"rendered":"<p><div class=\"fusion-fullwidth fullwidth-box fusion-builder-row-1 fusion-flex-container has-pattern-background has-mask-background fusion-parallax-none nonhundred-percent-fullwidth non-hundred-percent-height-scrolling\" style=\"--awb-border-radius-top-left:0px;--awb-border-radius-top-right:0px;--awb-border-radius-bottom-right:0px;--awb-border-radius-bottom-left:0px;--awb-padding-bottom:3%;--awb-background-image:linear-gradient(180deg, rgba(3,3,3,0.75) 0%,rgba(3,3,3,0.75) 80%),url(https:\/\/lichthaus.net\/wp-content\/uploads\/2020\/03\/banner-13-scaled-1.jpg);;--awb-background-size:cover;--awb-flex-wrap:wrap;\" ><div class=\"fusion-builder-row fusion-row fusion-flex-align-items-flex-start fusion-flex-justify-content-center fusion-flex-content-wrap\" style=\"max-width:calc( 1350px + 0px );margin-left: calc(-0px \/ 2 );margin-right: calc(-0px \/ 2 );\"><div class=\"fusion-layout-column fusion_builder_column fusion-builder-column-0 fusion_builder_column_1_1 1_1 fusion-flex-column fusion-animated\" style=\"--awb-bg-size:cover;--awb-width-large:100%;--awb-margin-top-large:3%;--awb-spacing-right-large:calc( 0 * calc( 100% - 0px ) );--awb-margin-bottom-large:0px;--awb-spacing-left-large:calc( 0 * calc( 100% - 0px ) );--awb-width-medium:100%;--awb-order-medium:0;--awb-spacing-right-medium:0px;--awb-spacing-left-medium:0px;--awb-width-small:100%;--awb-order-small:0;--awb-spacing-right-small:0px;--awb-spacing-left-small:0px;\" data-animationType=\"fadeInUp\" data-animationDuration=\"1.0\" data-animationOffset=\"top-into-view\"><div class=\"fusion-column-wrapper fusion-column-has-shadow fusion-flex-justify-content-flex-start fusion-content-layout-column\"><div class=\"fusion-title title fusion-title-1 fusion-sep-none fusion-title-center fusion-title-text fusion-title-size-three\" style=\"--awb-margin-bottom:.7em;--awb-margin-top-small:10px;--awb-margin-right-small:0px;--awb-margin-bottom-small:10px;--awb-margin-left-small:0px;--awb-font-size:60px;\"><h3 class=\"fusion-title-heading title-heading-center fusion-responsive-typography-calculated\" style=\"margin:0;font-size:1em;--fontSize:60;line-height:1.32;\">\u00a1Nuestras referencias publicitarias hablan por s\u00ed solas!<\/h3><\/div>\n<div class=\"table-2\">\n<table width=\"100%\">\n<thead>\n<tr>\n<th align=\"left\">A\u00f1o<\/th>\n<th align=\"left\">T\u00edtulo<\/th>\n<th align=\"left\">Producci\u00f3n<\/th>\n<\/tr>\n<\/thead>\n<tbody>\n<tr>\n<td align=\"left\">2021<\/td>\n<td align=\"left\"><b>Sky &#8211; Balonmano Bundesliga 2021<\/b><\/td>\n<td align=\"left\">Sky Creative<\/td>\n<\/tr>\n<tr>\n<td align=\"left\">2021<\/td>\n<td align=\"left\"><b>Space-Eye &#8211; \u00a1Nicht wegsehen!<\/b><\/td>\n<td align=\"left\">BIK Picrures<\/td>\n<\/tr>\n<tr>\n<td align=\"left\">2021<\/td>\n<td align=\"left\"><b>BigFM &#8211; Wir retten Deinen Morgen<\/b><\/td>\n<td align=\"left\">Sterntag Film<\/td>\n<\/tr>\n<tr>\n<td align=\"left\">2021<\/td>\n<td align=\"left\"><b>About you &#8211; Inna<\/b><\/td>\n<td align=\"left\">Spingun Media GmbH<\/td>\n<\/tr>\n<tr>\n<td align=\"left\">2021<\/td>\n<td align=\"left\"><b>Lingoda &#8211; How it works<\/b><\/td>\n<td align=\"left\">Andrew Film Ltd.<\/td>\n<\/tr>\n<tr>\n<td align=\"left\">2021<\/td>\n<td align=\"left\"><b>Mercedes-Benz Trucks &#8211; Actros L. Das Upgrade<\/b><\/td>\n<td align=\"left\">Modest Department GmbH<\/td>\n<\/tr>\n<tr>\n<td align=\"left\">2021<\/td>\n<td align=\"left\"><b>Daniil Simkin &#8211; One (AT)<\/b><\/td>\n<td align=\"left\">DMC Education GmbH<\/td>\n<\/tr>\n<tr>\n<td align=\"left\">2021<\/td>\n<td align=\"left\"><b>Lingoda &#8211; Time to be understood<\/b><\/td>\n<td align=\"left\">Andrew Film GmbH.<\/td>\n<\/tr>\n<tr>\n<td align=\"left\">2020<\/td>\n<td align=\"left\"><b>John Reed &#8211; 2021 Kampagne<\/b><\/td>\n<td align=\"left\">Panamono GmbH<\/td>\n<\/tr>\n<tr>\n<td align=\"left\">2020<\/td>\n<td align=\"left\"><b>Deichbrand &#8211; At Home 2020<\/b><\/td>\n<td align=\"left\">Panamono GmbH<\/td>\n<\/tr>\n<tr>\n<td align=\"left\">2019<\/td>\n<td align=\"left\"><b>Filarm\u00f3nica de Berl\u00edn &#8211; Kirill Petrenko. En directo <\/b><\/td>\n<td align=\"left\">HeymannBrandt GmbH<\/td>\n<\/tr>\n<tr>\n<td align=\"left\">2019<\/td>\n<td align=\"left\"><b>MySheepi &#8211; Das my Sheepi Kopfkissen<\/b><\/td>\n<td align=\"left\">Pel\u00edcula Darkbright<\/td>\n<\/tr>\n<tr>\n<td align=\"left\">2018<\/td>\n<td align=\"left\"><b>Mercedes Benz &#8211; ESL One. Dota 2 Katowice. A Spectacular Chase (Opener\/Viral)  <\/b><\/td>\n<td align=\"left\">Turtle Entertainment TV GmbH<\/td>\n<\/tr>\n<tr>\n<td align=\"left\">2018<\/td>\n<td align=\"left\"><b>McMakler &#8211; Image<\/b><\/td>\n<td align=\"left\">Sqeen GmbH &amp; Co KG<\/td>\n<\/tr>\n<tr>\n<td align=\"left\">2017<\/td>\n<td align=\"left\"><b>Granini die Limo &#8211; Joko &amp; Klaas. Limobrand, Limotrinker, Geheimversteck <\/b><\/td>\n<td align=\"left\">soup.filmproduktion GmbH<\/td>\n<\/tr>\n<tr>\n<td align=\"left\">2017<\/td>\n<td align=\"left\"><b>Riot Games &#8211; Liga League of Legends<\/b><\/td>\n<td align=\"left\">Shotz Production Service<\/td>\n<\/tr>\n<tr>\n<td align=\"left\">2016<\/td>\n<td align=\"left\"><b>Volkswagen &#8211; The Spediteur<\/b><\/td>\n<td align=\"left\">lucky7even<\/td>\n<\/tr>\n<tr>\n<td align=\"left\">2015<\/td>\n<td align=\"left\"><b>Terre des Femmes &#8211; \u00bfSchaust du hin?<\/b><\/td>\n<td align=\"left\">HeymannBrandt GmbH<\/td>\n<\/tr>\n<tr>\n<td align=\"left\">2014<\/td>\n<td align=\"left\"><b>Schmidt Spiele. Sorgenfresser &#8211; Monster <\/b><\/td>\n<td align=\"left\">Helle Freunde GmbH &amp; Co. KG<\/td>\n<\/tr>\n<tr>\n<td align=\"left\">2014<\/td>\n<td align=\"left\"><b>Ray Ban &#8211; The Order of Never Hide<\/b><\/td>\n<td align=\"left\">Vice Media GmbH<\/td>\n<\/tr>\n<tr>\n<td align=\"left\">2014<\/td>\n<td align=\"left\"><b>Schmidt Spiele. Sorgenfresser &#8211; Monster <\/b><\/td>\n<td align=\"left\">Helle Freunde GmbH &amp; Co. KG<\/td>\n<\/tr>\n<tr>\n<td align=\"left\">2012<\/td>\n<td align=\"left\"><b>Nutella &#8211; Der Freund, Liebesbrief, Lichtgeschwindigkeit<\/b><\/td>\n<td align=\"left\">Erste Liebe Filmproduction GmbH<\/td>\n<\/tr>\n<tr>\n<td align=\"left\">2012<\/td>\n<td align=\"left\"><b>Harzinger K\u00e4se &#8211; Harzinger Minis<\/b><\/td>\n<td align=\"left\">PS Film &#8211; Pape &amp; Sch\u00fcrmann Kommunikation GmbH<\/td>\n<\/tr>\n<tr>\n<td align=\"left\">2011<\/td>\n<td align=\"left\"><b>Eisb\u00e4ren &#8211; Kommen. Sehen. \u00a1Abgehen!  <\/b><\/td>\n<td align=\"left\">Kellyfilm TV UG<\/td>\n<\/tr>\n<\/tbody>\n<\/table>\n<\/div>\n<div class=\"fusion-text fusion-text-1\" style=\"--awb-margin-top:3%;\"><p style=\"text-align: center;\">&#8230;y muchos m\u00e1s. \u00a1Tambi\u00e9n estamos encantados de apoyar tus producciones! <\/p>\n<\/div><\/div><\/div><\/div><\/div><div class=\"fusion-fullwidth fullwidth-box fusion-builder-row-2 fusion-flex-container has-pattern-background has-mask-background fusion-parallax-none nonhundred-percent-fullwidth non-hundred-percent-height-scrolling\" style=\"--awb-border-radius-top-left:0px;--awb-border-radius-top-right:0px;--awb-border-radius-bottom-right:0px;--awb-border-radius-bottom-left:0px;--awb-padding-top:3%;--awb-padding-right:9%;--awb-padding-bottom:3%;--awb-padding-left:9%;--awb-margin-top:3%;--awb-margin-bottom:3%;--awb-background-image:url(&quot;https:\/\/lichthaus.net\/wp-content\/uploads\/2023\/03\/hintergrundbild-scaled.jpg-300x200.webp&quot;);--awb-background-size:cover;--awb-flex-wrap:wrap;\" ><div class=\"fusion-builder-row fusion-row fusion-flex-align-items-flex-start fusion-flex-content-wrap\" style=\"max-width:1404px;margin-left: calc(-4% \/ 2 );margin-right: calc(-4% \/ 2 );\"><div class=\"fusion-layout-column fusion_builder_column fusion-builder-column-1 fusion_builder_column_1_1 1_1 fusion-flex-column\" style=\"--awb-bg-size:cover;--awb-width-large:100%;--awb-margin-top-large:0px;--awb-spacing-right-large:1.92%;--awb-margin-bottom-large:20px;--awb-spacing-left-large:1.92%;--awb-width-medium:100%;--awb-order-medium:0;--awb-spacing-right-medium:1.92%;--awb-spacing-left-medium:1.92%;--awb-width-small:100%;--awb-order-small:0;--awb-spacing-right-small:1.92%;--awb-spacing-left-small:1.92%;\"><div class=\"fusion-column-wrapper fusion-column-has-shadow fusion-flex-justify-content-flex-start fusion-content-layout-column\"><div class=\"fusion-title title fusion-title-2 fusion-sep-none fusion-title-center fusion-title-text fusion-title-size-two\" style=\"--awb-margin-top-small:10px;--awb-margin-right-small:0px;--awb-margin-bottom-small:10px;--awb-margin-left-small:0px;\"><h2 class=\"fusion-title-heading title-heading-center fusion-responsive-typography-calculated\" style=\"margin:0;--fontSize:44;line-height:1.26;\">Estamos aqu\u00ed para convencer.<\/h2><\/div><div class=\"fusion-text fusion-text-2\" style=\"--awb-text-color:var(--awb-color4);\"><p style=\"text-align: center;\">Nuestra favorable ubicaci\u00f3n, nuestros modernos equipos y nuestras soluciones flexibles ofrecen numerosas ventajas para tus producciones. Compru\u00e9balo t\u00fa mismo y conoce nuestro servicio orientado a proyectos.<\/p>\n<p style=\"text-align: center;\"><strong>Tambi\u00e9n estaremos encantados de asesorarte: \u00a1personalizado y adaptado a tus producciones!<\/strong><\/p>\n<\/div><div style=\"text-align:center;\"><a class=\"fusion-button button-flat fusion-button-default-size button-default fusion-button-default button-1 fusion-button-default-span fusion-button-default-type fusion-animated\" data-animationType=\"flipiny\" data-animationDuration=\"1.0\" data-animationOffset=\"top-into-view\" target=\"_self\" href=\"https:\/\/lichthaus.net\/es\/contacta-con-nosotros\/\"><span class=\"fusion-button-text awb-button__text awb-button__text--default\">Ponte en contacto con nosotros<\/span><\/a><\/div><\/div><\/div><\/div><\/div>\n<\/p>\n","protected":false},"excerpt":{"rendered":"","protected":false},"author":2,"featured_media":0,"parent":0,"menu_order":0,"comment_status":"closed","ping_status":"closed","template":"100-width.php","meta":{"footnotes":""},"class_list":["post-4157","page","type-page","status-publish","hentry"],"aioseo_notices":[],"_links":{"self":[{"href":"https:\/\/lichthaus.net\/es\/wp-json\/wp\/v2\/pages\/4157","targetHints":{"allow":["GET"]}}],"collection":[{"href":"https:\/\/lichthaus.net\/es\/wp-json\/wp\/v2\/pages"}],"about":[{"href":"https:\/\/lichthaus.net\/es\/wp-json\/wp\/v2\/types\/page"}],"author":[{"embeddable":true,"href":"https:\/\/lichthaus.net\/es\/wp-json\/wp\/v2\/users\/2"}],"replies":[{"embeddable":true,"href":"https:\/\/lichthaus.net\/es\/wp-json\/wp\/v2\/comments?post=4157"}],"version-history":[{"count":7,"href":"https:\/\/lichthaus.net\/es\/wp-json\/wp\/v2\/pages\/4157\/revisions"}],"predecessor-version":[{"id":5046,"href":"https:\/\/lichthaus.net\/es\/wp-json\/wp\/v2\/pages\/4157\/revisions\/5046"}],"wp:attachment":[{"href":"https:\/\/lichthaus.net\/es\/wp-json\/wp\/v2\/media?parent=4157"}],"curies":[{"name":"wp","href":"https:\/\/api.w.org\/{rel}","templated":true}]}}