{"id":4141,"date":"2023-01-20T12:52:09","date_gmt":"2023-01-20T11:52:09","guid":{"rendered":"https:\/\/lichthaus.net\/referencias-eventos-e-sports\/"},"modified":"2025-09-01T11:30:17","modified_gmt":"2025-09-01T09:30:17","slug":"referenzen-e-sport-events","status":"publish","type":"page","link":"https:\/\/lichthaus.net\/es\/referenzen-e-sport-events\/","title":{"rendered":"Referencias en E-sports \/ E-Events"},"content":{"rendered":"<p><div class=\"fusion-fullwidth fullwidth-box fusion-builder-row-1 fusion-flex-container has-pattern-background has-mask-background fusion-parallax-none nonhundred-percent-fullwidth non-hundred-percent-height-scrolling\" style=\"--awb-border-radius-top-left:0px;--awb-border-radius-top-right:0px;--awb-border-radius-bottom-right:0px;--awb-border-radius-bottom-left:0px;--awb-padding-bottom:3%;--awb-background-image:linear-gradient(180deg, rgba(3,3,3,0.75) 0%,rgba(3,3,3,0.75) 80%),url(https:\/\/lichthaus.net\/wp-content\/uploads\/2020\/03\/banner-13-scaled-1.jpg);;--awb-background-size:cover;--awb-flex-wrap:wrap;\" ><div class=\"fusion-builder-row fusion-row fusion-flex-align-items-flex-start fusion-flex-justify-content-center fusion-flex-content-wrap\" style=\"max-width:calc( 1350px + 0px );margin-left: calc(-0px \/ 2 );margin-right: calc(-0px \/ 2 );\"><div class=\"fusion-layout-column fusion_builder_column fusion-builder-column-0 fusion_builder_column_1_1 1_1 fusion-flex-column fusion-animated\" style=\"--awb-bg-size:cover;--awb-width-large:100%;--awb-margin-top-large:3%;--awb-spacing-right-large:calc( 0 * calc( 100% - 0px ) );--awb-margin-bottom-large:0px;--awb-spacing-left-large:calc( 0 * calc( 100% - 0px ) );--awb-width-medium:100%;--awb-order-medium:0;--awb-spacing-right-medium:0px;--awb-spacing-left-medium:0px;--awb-width-small:100%;--awb-order-small:0;--awb-spacing-right-small:0px;--awb-spacing-left-small:0px;\" data-animationType=\"fadeInUp\" data-animationDuration=\"1.0\" data-animationOffset=\"top-into-view\"><div class=\"fusion-column-wrapper fusion-column-has-shadow fusion-flex-justify-content-flex-start fusion-content-layout-column\"><div class=\"fusion-title title fusion-title-1 fusion-sep-none fusion-title-center fusion-title-text fusion-title-size-three\" style=\"--awb-margin-bottom:.7em;--awb-margin-top-small:10px;--awb-margin-right-small:0px;--awb-margin-bottom-small:10px;--awb-margin-left-small:0px;--awb-font-size:60px;\"><h3 class=\"fusion-title-heading title-heading-center fusion-responsive-typography-calculated\" style=\"margin:0;font-size:1em;--fontSize:60;line-height:1.32;\">\u00a1Nuestras referencias en e-sports hablan por s\u00ed solas!<\/h3><\/div>\n<div class=\"table-2\">\n<table width=\"100%\">\n<thead>\n<tr>\n<th align=\"left\">A\u00f1o<\/th>\n<th align=\"left\">T\u00edtulo<\/th>\n<th align=\"left\">Juego<\/th>\n<th align=\"left\">Actividad<\/th>\n<\/tr>\n<\/thead>\n<tbody>\n<tr>\n<td align=\"left\">2023<\/td>\n<td align=\"left\">Estudio LEC-EMEA de Riot Games<\/td>\n<td align=\"left\">Liga de Leyendas<\/td>\n<td align=\"left\">Servicio total: iluminaci\u00f3n, rigging, alimentaci\u00f3n y dise\u00f1o de iluminaci\u00f3n<\/td>\n<\/tr>\n<tr>\n<td align=\"left\">2022<\/td>\n<td align=\"left\">Riot Games LEC Final de Verano Malm\u00f6<\/td>\n<td align=\"left\">Liga de Leyendas<\/td>\n<td align=\"left\">Servicio:Dise\u00f1o de iluminaci\u00f3n<\/td>\n<\/tr>\n<tr>\n<td align=\"left\">2022<\/td>\n<td align=\"left\">Estudio LEC de Riot Games<\/td>\n<td align=\"left\">Liga de Leyendas<\/td>\n<td align=\"left\">Gesti\u00f3n global de servicios: iluminaci\u00f3n, rigging, alimentaci\u00f3n y dise\u00f1o de iluminaci\u00f3n<\/td>\n<\/tr>\n<tr>\n<td align=\"left\">2021<\/td>\n<td align=\"left\">Final de verano de LEC de Riot Games<\/td>\n<td align=\"left\">Liga de Leyendas<\/td>\n<td align=\"left\">Servicio total: iluminaci\u00f3n, rigging, potencia y dise\u00f1o de iluminaci\u00f3n<\/td>\n<\/tr>\n<tr>\n<td align=\"left\">2021<\/td>\n<td align=\"left\">Estudio LEC de Riot Games<\/td>\n<td align=\"left\">Liga de Leyendas<\/td>\n<td align=\"left\">Servicio total: iluminaci\u00f3n, rigging, alimentaci\u00f3n y dise\u00f1o de iluminaci\u00f3n<\/td>\n<\/tr>\n<tr>\n<td align=\"left\">2020<\/td>\n<td align=\"left\">Final de verano de LEC de Riot Games<\/td>\n<td align=\"left\">Liga de Leyendas<\/td>\n<td align=\"left\">Servicio total: iluminaci\u00f3n, rigging, alimentaci\u00f3n y dise\u00f1o de iluminaci\u00f3n<\/td>\n<\/tr>\n<tr>\n<td align=\"left\">2020<\/td>\n<td align=\"left\">Estudio LEC de Riot Games<\/td>\n<td align=\"left\">Liga de Leyendas<\/td>\n<td align=\"left\">Servicio total: iluminaci\u00f3n, rigging, alimentaci\u00f3n y dise\u00f1o de iluminaci\u00f3n<\/td>\n<\/tr>\n<tr>\n<td align=\"left\">2019<\/td>\n<td align=\"left\">Estudio LEC de Riot Games<\/td>\n<td align=\"left\">Liga de Leyendas<\/td>\n<td align=\"left\">Servicio total: Iluminaci\u00f3n,Rigging,Potencia<\/td>\n<\/tr>\n<tr>\n<td align=\"left\">2018<\/td>\n<td align=\"left\">Campeonato GT M\u00f3naco<\/td>\n<td align=\"left\">Gran Turismo<\/td>\n<td align=\"left\">Servicio:Dise\u00f1o de iluminaci\u00f3n<\/td>\n<\/tr>\n<tr>\n<td align=\"left\">2018<\/td>\n<td align=\"left\">Estudio Riot Games EU LCS<\/td>\n<td align=\"left\">Liga de Leyendas<\/td>\n<td align=\"left\">Servicio total: Iluminaci\u00f3n,Rigging,Potencia<\/td>\n<\/tr>\n<tr>\n<td align=\"left\">2017<\/td>\n<td align=\"left\">Estudio Riot Games EU LCS<\/td>\n<td align=\"left\">Liga de Leyendas<\/td>\n<td align=\"left\">Servicio total: Iluminaci\u00f3n,Rigging,Potencia<\/td>\n<\/tr>\n<tr>\n<td align=\"left\">2016<\/td>\n<td align=\"left\">Riot Games LCS Arena<\/td>\n<td align=\"left\">Liga de Leyendas<\/td>\n<td align=\"left\">Servicio total: Iluminaci\u00f3n,Rigging,Potencia<\/td>\n<\/tr>\n<tr>\n<td align=\"left\">2015<\/td>\n<td align=\"left\">Riot Games LCS Arena<\/td>\n<td align=\"left\">Liga de Leyendas<\/td>\n<td align=\"left\">Servicio total: Iluminaci\u00f3n,Rigging<\/td>\n<\/tr>\n<\/tbody>\n<\/table>\n<\/div>\n<div class=\"fusion-text fusion-text-1\" style=\"--awb-margin-top:3%;\"><p style=\"text-align: center;\">&#8230;y muchos m\u00e1s. \u00a1Tambi\u00e9n estamos encantados de apoyar tus producciones! <\/p>\n<\/div><\/div><\/div><\/div><\/div><div class=\"fusion-fullwidth fullwidth-box fusion-builder-row-2 fusion-flex-container has-pattern-background has-mask-background fusion-parallax-none nonhundred-percent-fullwidth non-hundred-percent-height-scrolling\" style=\"--awb-border-radius-top-left:0px;--awb-border-radius-top-right:0px;--awb-border-radius-bottom-right:0px;--awb-border-radius-bottom-left:0px;--awb-padding-top:3%;--awb-padding-right:9%;--awb-padding-bottom:3%;--awb-padding-left:9%;--awb-margin-top:3%;--awb-margin-bottom:3%;--awb-background-image:url(&quot;https:\/\/lichthaus.net\/wp-content\/uploads\/2023\/03\/hintergrundbild-scaled.jpg-300x200.webp&quot;);--awb-background-size:cover;--awb-flex-wrap:wrap;\" ><div class=\"fusion-builder-row fusion-row fusion-flex-align-items-flex-start fusion-flex-content-wrap\" style=\"max-width:1404px;margin-left: calc(-4% \/ 2 );margin-right: calc(-4% \/ 2 );\"><div class=\"fusion-layout-column fusion_builder_column fusion-builder-column-1 fusion_builder_column_1_1 1_1 fusion-flex-column\" style=\"--awb-bg-size:cover;--awb-width-large:100%;--awb-margin-top-large:0px;--awb-spacing-right-large:1.92%;--awb-margin-bottom-large:20px;--awb-spacing-left-large:1.92%;--awb-width-medium:100%;--awb-order-medium:0;--awb-spacing-right-medium:1.92%;--awb-spacing-left-medium:1.92%;--awb-width-small:100%;--awb-order-small:0;--awb-spacing-right-small:1.92%;--awb-spacing-left-small:1.92%;\"><div class=\"fusion-column-wrapper fusion-column-has-shadow fusion-flex-justify-content-flex-start fusion-content-layout-column\"><div class=\"fusion-title title fusion-title-2 fusion-sep-none fusion-title-center fusion-title-text fusion-title-size-two\" style=\"--awb-margin-top-small:10px;--awb-margin-right-small:0px;--awb-margin-bottom-small:10px;--awb-margin-left-small:0px;\"><h2 class=\"fusion-title-heading title-heading-center fusion-responsive-typography-calculated\" style=\"margin:0;--fontSize:44;line-height:1.26;\">Estamos aqu\u00ed para convencer.<\/h2><\/div><div class=\"fusion-text fusion-text-2\" style=\"--awb-text-color:var(--awb-color4);\"><p style=\"text-align: center;\">Nuestra favorable ubicaci\u00f3n, nuestros modernos equipos y nuestras soluciones flexibles ofrecen numerosas ventajas para tus producciones. Compru\u00e9balo t\u00fa mismo y conoce nuestro servicio orientado a proyectos.<\/p>\n<p style=\"text-align: center;\"><strong>Tambi\u00e9n estaremos encantados de asesorarte: \u00a1personalizado y adaptado a tus producciones!<\/strong><\/p>\n<\/div><div style=\"text-align:center;\"><a class=\"fusion-button button-flat fusion-button-default-size button-default fusion-button-default button-1 fusion-button-default-span fusion-button-default-type fusion-animated\" data-animationType=\"flipiny\" data-animationDuration=\"1.0\" data-animationOffset=\"top-into-view\" target=\"_self\" href=\"https:\/\/lichthaus.net\/es\/contacta-con-nosotros\/\"><span class=\"fusion-button-text awb-button__text awb-button__text--default\">Ponte en contacto con nosotros<\/span><\/a><\/div><\/div><\/div><\/div><\/div>\n<\/p>\n","protected":false},"excerpt":{"rendered":"","protected":false},"author":2,"featured_media":0,"parent":0,"menu_order":0,"comment_status":"closed","ping_status":"closed","template":"100-width.php","meta":{"footnotes":""},"class_list":["post-4141","page","type-page","status-publish","hentry"],"aioseo_notices":[],"_links":{"self":[{"href":"https:\/\/lichthaus.net\/es\/wp-json\/wp\/v2\/pages\/4141","targetHints":{"allow":["GET"]}}],"collection":[{"href":"https:\/\/lichthaus.net\/es\/wp-json\/wp\/v2\/pages"}],"about":[{"href":"https:\/\/lichthaus.net\/es\/wp-json\/wp\/v2\/types\/page"}],"author":[{"embeddable":true,"href":"https:\/\/lichthaus.net\/es\/wp-json\/wp\/v2\/users\/2"}],"replies":[{"embeddable":true,"href":"https:\/\/lichthaus.net\/es\/wp-json\/wp\/v2\/comments?post=4141"}],"version-history":[{"count":8,"href":"https:\/\/lichthaus.net\/es\/wp-json\/wp\/v2\/pages\/4141\/revisions"}],"predecessor-version":[{"id":5067,"href":"https:\/\/lichthaus.net\/es\/wp-json\/wp\/v2\/pages\/4141\/revisions\/5067"}],"wp:attachment":[{"href":"https:\/\/lichthaus.net\/es\/wp-json\/wp\/v2\/media?parent=4141"}],"curies":[{"name":"wp","href":"https:\/\/api.w.org\/{rel}","templated":true}]}}