{"id":4126,"date":"2023-02-14T15:56:28","date_gmt":"2023-02-14T14:56:28","guid":{"rendered":"https:\/\/lichthaus.net\/sobre-nosotros\/"},"modified":"2025-09-01T11:19:19","modified_gmt":"2025-09-01T09:19:19","slug":"ueber-uns","status":"publish","type":"page","link":"https:\/\/lichthaus.net\/es\/ueber-uns\/","title":{"rendered":"Sobre nosotros"},"content":{"rendered":"<p><div class=\"fusion-fullwidth fullwidth-box fusion-builder-row-1 fusion-flex-container has-pattern-background has-mask-background nonhundred-percent-fullwidth non-hundred-percent-height-scrolling\" style=\"--awb-border-radius-top-left:0px;--awb-border-radius-top-right:0px;--awb-border-radius-bottom-right:0px;--awb-border-radius-bottom-left:0px;--awb-flex-wrap:wrap;\" ><div class=\"fusion-builder-row fusion-row fusion-flex-align-items-flex-start fusion-flex-content-wrap\" style=\"max-width:1404px;margin-left: calc(-4% \/ 2 );margin-right: calc(-4% \/ 2 );\"><div class=\"fusion-layout-column fusion_builder_column fusion-builder-column-0 fusion_builder_column_1_1 1_1 fusion-flex-column\" style=\"--awb-bg-size:cover;--awb-width-large:100%;--awb-margin-top-large:0px;--awb-spacing-right-large:1.92%;--awb-margin-bottom-large:20px;--awb-spacing-left-large:1.92%;--awb-width-medium:100%;--awb-order-medium:0;--awb-spacing-right-medium:1.92%;--awb-spacing-left-medium:1.92%;--awb-width-small:100%;--awb-order-small:0;--awb-spacing-right-small:1.92%;--awb-spacing-left-small:1.92%;\"><div class=\"fusion-column-wrapper fusion-column-has-shadow fusion-flex-justify-content-flex-start fusion-content-layout-column\"><div class=\"fusion-text fusion-text-1\"><p style=\"text-align: center;\">Fundada en 2000 como una pura empresa de alquiler de iluminaci\u00f3n, hemos crecido hasta convertirnos en un<\/p>\n<h1 style=\"text-align: center;\">Grupo de empresas de servicios integrales<\/h1>\n<p style=\"text-align: center;\">Perm\u00edtenos presentarnos: <\/p>\n<h2 style=\"text-align: center;\"><strong><br \/>\nSomos el Grupo Lichthaus<\/strong><\/h2>\n<\/div><div class=\"fusion-image-element \" style=\"--awb-caption-title-font-family:var(--h2_typography-font-family);--awb-caption-title-font-weight:var(--h2_typography-font-weight);--awb-caption-title-font-style:var(--h2_typography-font-style);--awb-caption-title-size:var(--h2_typography-font-size);--awb-caption-title-transform:var(--h2_typography-text-transform);--awb-caption-title-line-height:var(--h2_typography-line-height);--awb-caption-title-letter-spacing:var(--h2_typography-letter-spacing);\"><span class=\" fusion-imageframe imageframe-none imageframe-1 hover-type-none\"><img decoding=\"async\" width=\"1920\" height=\"89\" title=\"Firmengruppe\" src=\"https:\/\/lichthaus.net\/wp-content\/uploads\/2023\/02\/Firmengruppe.png\" alt class=\"img-responsive wp-image-3711\" srcset=\"https:\/\/lichthaus.net\/wp-content\/uploads\/2023\/02\/Firmengruppe-200x9.png 200w, https:\/\/lichthaus.net\/wp-content\/uploads\/2023\/02\/Firmengruppe-400x19.png 400w, https:\/\/lichthaus.net\/wp-content\/uploads\/2023\/02\/Firmengruppe-600x28.png 600w, https:\/\/lichthaus.net\/wp-content\/uploads\/2023\/02\/Firmengruppe-800x37.png 800w, https:\/\/lichthaus.net\/wp-content\/uploads\/2023\/02\/Firmengruppe-1200x56.png 1200w, https:\/\/lichthaus.net\/wp-content\/uploads\/2023\/02\/Firmengruppe.png 1920w\" sizes=\"(max-width: 900px) 100vw, (max-width: 640px) 100vw, 1920px\" \/><\/span><\/div><div class=\"fusion-separator fusion-full-width-sep\" style=\"align-self: center;margin-left: auto;margin-right: auto;margin-top:6%;margin-bottom:6%;width:100%;\"><div class=\"fusion-separator-border sep-single sep-dashed\" style=\"--awb-height:20px;--awb-amount:20px;border-color:var(--awb-color5);border-top-width:1px;\"><\/div><\/div><\/div><\/div><div class=\"fusion-layout-column fusion_builder_column fusion-builder-column-1 fusion_builder_column_1_2 1_2 fusion-flex-column\" style=\"--awb-bg-size:cover;--awb-width-large:50%;--awb-margin-top-large:0px;--awb-spacing-right-large:3.84%;--awb-margin-bottom-large:20px;--awb-spacing-left-large:3.84%;--awb-width-medium:100%;--awb-order-medium:0;--awb-spacing-right-medium:1.92%;--awb-spacing-left-medium:1.92%;--awb-width-small:100%;--awb-order-small:0;--awb-spacing-right-small:1.92%;--awb-spacing-left-small:1.92%;\"><div class=\"fusion-column-wrapper fusion-column-has-shadow fusion-flex-justify-content-flex-start fusion-content-layout-column\"><div class=\"fusion-image-element \" style=\"--awb-caption-title-font-family:var(--h2_typography-font-family);--awb-caption-title-font-weight:var(--h2_typography-font-weight);--awb-caption-title-font-style:var(--h2_typography-font-style);--awb-caption-title-size:var(--h2_typography-font-size);--awb-caption-title-transform:var(--h2_typography-text-transform);--awb-caption-title-line-height:var(--h2_typography-line-height);--awb-caption-title-letter-spacing:var(--h2_typography-letter-spacing);\"><span class=\" fusion-imageframe imageframe-none imageframe-2 hover-type-none\"><img decoding=\"async\" width=\"1920\" height=\"1080\" title=\"VLL_2021_Lichthaus_Berlin_119(S)_1920x1080_RT\" src=\"https:\/\/lichthaus.net\/wp-content\/uploads\/2023\/02\/VLL_2021_Lichthaus_Berlin_119S_1920x1080_RT.jpg\" alt class=\"img-responsive wp-image-3651\" srcset=\"https:\/\/lichthaus.net\/wp-content\/uploads\/2023\/02\/VLL_2021_Lichthaus_Berlin_119S_1920x1080_RT-200x113.jpg 200w, https:\/\/lichthaus.net\/wp-content\/uploads\/2023\/02\/VLL_2021_Lichthaus_Berlin_119S_1920x1080_RT-400x225.jpg 400w, https:\/\/lichthaus.net\/wp-content\/uploads\/2023\/02\/VLL_2021_Lichthaus_Berlin_119S_1920x1080_RT-600x338.jpg 600w, https:\/\/lichthaus.net\/wp-content\/uploads\/2023\/02\/VLL_2021_Lichthaus_Berlin_119S_1920x1080_RT-800x450.jpg 800w, https:\/\/lichthaus.net\/wp-content\/uploads\/2023\/02\/VLL_2021_Lichthaus_Berlin_119S_1920x1080_RT-1200x675.jpg 1200w, https:\/\/lichthaus.net\/wp-content\/uploads\/2023\/02\/VLL_2021_Lichthaus_Berlin_119S_1920x1080_RT.jpg 1920w\" sizes=\"(max-width: 900px) 100vw, (max-width: 640px) 100vw, 800px\" \/><\/span><\/div><\/div><\/div><div class=\"fusion-layout-column fusion_builder_column fusion-builder-column-2 fusion_builder_column_1_2 1_2 fusion-flex-column\" style=\"--awb-bg-size:cover;--awb-width-large:50%;--awb-margin-top-large:0px;--awb-spacing-right-large:3.84%;--awb-margin-bottom-large:20px;--awb-spacing-left-large:3.84%;--awb-width-medium:100%;--awb-order-medium:0;--awb-spacing-right-medium:1.92%;--awb-spacing-left-medium:1.92%;--awb-width-small:100%;--awb-order-small:0;--awb-spacing-right-small:1.92%;--awb-spacing-left-small:1.92%;\"><div class=\"fusion-column-wrapper fusion-column-has-shadow fusion-flex-justify-content-flex-start fusion-content-layout-column\"><div class=\"fusion-text fusion-text-2\"><h3><strong>Somos buenos en:<\/strong><\/h3>\n<p>C\u00e1mara, iluminaci\u00f3n, grip, estudio, oficinas de producci\u00f3n, veh\u00edculos, genny, rigging, eventos y espect\u00e1culos<\/p>\n<h3><strong>Localizaciones:<\/strong><\/h3>\n<ul>\n<li>Berl\u00edn (sede central)<\/li>\n<li>Studiobabelsberg en Potsdam<\/li>\n<li>Palma de Mallorca\/ Espa\u00f1a<\/li>\n<li>Varsovia\/ Polonia<\/li>\n<\/ul>\n<\/div><\/div><\/div><div class=\"fusion-layout-column fusion_builder_column fusion-builder-column-3 fusion_builder_column_1_1 1_1 fusion-flex-column\" style=\"--awb-bg-size:cover;--awb-width-large:100%;--awb-margin-top-large:0px;--awb-spacing-right-large:1.92%;--awb-margin-bottom-large:20px;--awb-spacing-left-large:1.92%;--awb-width-medium:100%;--awb-order-medium:0;--awb-spacing-right-medium:1.92%;--awb-spacing-left-medium:1.92%;--awb-width-small:100%;--awb-order-small:0;--awb-spacing-right-small:1.92%;--awb-spacing-left-small:1.92%;\"><div class=\"fusion-column-wrapper fusion-column-has-shadow fusion-flex-justify-content-flex-start fusion-content-layout-column\"><div class=\"fusion-text fusion-text-3\"><h3><strong>A que nos dedicamos:<\/strong><\/h3>\n<p><span class=\"NormalTextRun SCXW8858006 BCX0\" data-ccp-parastyle=\"Normal (Web)\">Aportamos soluciones t\u00e9cnicas, asesoramiento especializado y espacios de trabajo para producciones de cine, series (TV, Netflix, Sky, Amazon) y publicidad<\/span><span class=\"NormalTextRun SCXW8858006 BCX0\" data-ccp-parastyle=\"Normal (Web)\">TV, <\/span><span class=\"NormalTextRun SCXW8858006 BCX0\" data-ccp-parastyle=\"Normal (Web)\">Netflix, Sky, Amazon) y publicidad.<\/span><\/p>\n<p aria-level=\"3\"><b><span data-contrast=\"auto\">\u00bfPor qu\u00e9 nosotros?<\/span><\/b><span data-ccp-props=\"{\"> <\/span><\/p>\n<ul>\n<li data-leveltext=\"\uf0b7\" data-font=\"Symbol\" data-listid=\"3\" data-list-defn-props=\"{\" aria-setsize=\"-1\" data-aria-posinset=\"1\" data-aria-level=\"1\"><span data-contrast=\"auto\">Un contacto para todo<\/span><\/li>\n<li data-leveltext=\"\uf0b7\" data-font=\"Symbol\" data-listid=\"3\" data-list-defn-props=\"{\" aria-setsize=\"-1\" data-aria-posinset=\"2\" data-aria-level=\"1\"><span data-contrast=\"auto\">Cumplimiento del presupuesto<\/span><\/li>\n<li data-leveltext=\"\uf0b7\" data-font=\"Symbol\" data-listid=\"3\" data-list-defn-props=\"{\" aria-setsize=\"-1\" data-aria-posinset=\"3\" data-aria-level=\"1\"><span data-contrast=\"auto\">Nos ajustamos a vuestro timming<\/span><\/li>\n<li data-leveltext=\"\uf0b7\" data-font=\"Symbol\" data-listid=\"3\" data-list-defn-props=\"{\" aria-setsize=\"-1\" data-aria-posinset=\"4\" data-aria-level=\"1\"><span data-contrast=\"auto\">Flexible<\/span><span data-ccp-props=\"{\"> <\/span><\/li>\n<li data-leveltext=\"\uf0b7\" data-font=\"Symbol\" data-listid=\"3\" data-list-defn-props=\"{\" aria-setsize=\"-1\" data-aria-posinset=\"5\" data-aria-level=\"1\"><span data-contrast=\"auto\">Creativo<\/span><\/li>\n<li data-leveltext=\"\uf0b7\" data-font=\"Symbol\" data-listid=\"3\" data-list-defn-props=\"{\" aria-setsize=\"-1\" data-aria-posinset=\"1\" data-aria-level=\"1\"><span data-contrast=\"auto\">Todo en el mismo sitio<\/span><\/li>\n<\/ul>\n<h3><strong>\u00bfC\u00f3mo funciona?<\/strong><\/h3>\n<p><span class=\"TextRun SCXW118435716 BCX0\" lang=\"DE-DE\" data-contrast=\"auto\" xml:lang=\"DE-DE\"><span class=\"NormalTextRun SCXW118435716 BCX0\" data-ccp-parastyle=\"Normal (Web)\">S\u00f3lo tienes que enviarnos tu lista de requisitos t\u00e9cnicos y prepararemos una oferta personalizada y completa.<\/span><\/span><span class=\"EOP SCXW118435716 BCX0\" data-ccp-props=\"{\"> <\/span><\/p>\n<h3><strong>Tu reto es volverte lo m\u00e1s verde posible?<\/strong><\/h3>\n<p><span class=\"TextRun SCXW147708799 BCX0\" lang=\"DE-DE\" data-contrast=\"auto\" xml:lang=\"DE-DE\"><span class=\"NormalTextRun SCXW147708799 BCX0\" data-ccp-parastyle=\"Normal (Web)\">Sin problemas: <\/span><span class=\"NormalTextRun ContextualSpellingAndGrammarErrorV2Themed SCXW147708799 BCX0\" data-ccp-parastyle=\"Normal (Web)\">Luz LED<\/span><span class=\"NormalTextRun SCXW147708799 BCX0\" data-ccp-parastyle=\"Normal (Web)\">, generadores con filtros de part\u00edculas de holl\u00edn o generadores h\u00edbridos a pilas a trav\u00e9s de nuestro Atelier ecol\u00f3gico.<\/span><\/span><\/p>\n<\/div><div style=\"text-align:center;\"><a class=\"fusion-button button-flat fusion-button-default-size button-default fusion-button-default button-1 fusion-button-default-span fusion-button-default-type\" target=\"_self\" href=\"https:\/\/lichthaus.net\/es\/sostenibilidad\/\"><span class=\"fusion-button-text awb-button__text awb-button__text--default\">\u00bfMovimiento Verde? Simplemente lo hacemos<\/span><\/a><\/div><\/div><\/div><\/div><\/div><div class=\"fusion-fullwidth fullwidth-box fusion-builder-row-2 fusion-flex-container has-pattern-background has-mask-background fusion-parallax-none nonhundred-percent-fullwidth non-hundred-percent-height-scrolling\" style=\"--awb-border-radius-top-left:0px;--awb-border-radius-top-right:0px;--awb-border-radius-bottom-right:0px;--awb-border-radius-bottom-left:0px;--awb-padding-top:3%;--awb-padding-right:9%;--awb-padding-bottom:3%;--awb-padding-left:9%;--awb-margin-top:3%;--awb-margin-bottom:3%;--awb-background-image:url(&quot;https:\/\/lichthaus.net\/wp-content\/uploads\/2023\/03\/hintergrundbild-scaled.jpg-300x200.webp&quot;);--awb-background-size:cover;--awb-flex-wrap:wrap;\" ><div class=\"fusion-builder-row fusion-row fusion-flex-align-items-flex-start fusion-flex-content-wrap\" style=\"max-width:1404px;margin-left: calc(-4% \/ 2 );margin-right: calc(-4% \/ 2 );\"><div class=\"fusion-layout-column fusion_builder_column fusion-builder-column-4 fusion_builder_column_1_1 1_1 fusion-flex-column\" style=\"--awb-bg-size:cover;--awb-width-large:100%;--awb-margin-top-large:0px;--awb-spacing-right-large:1.92%;--awb-margin-bottom-large:20px;--awb-spacing-left-large:1.92%;--awb-width-medium:100%;--awb-order-medium:0;--awb-spacing-right-medium:1.92%;--awb-spacing-left-medium:1.92%;--awb-width-small:100%;--awb-order-small:0;--awb-spacing-right-small:1.92%;--awb-spacing-left-small:1.92%;\"><div class=\"fusion-column-wrapper fusion-column-has-shadow fusion-flex-justify-content-flex-start fusion-content-layout-column\"><div class=\"fusion-title title fusion-title-1 fusion-sep-none fusion-title-center fusion-title-text fusion-title-size-two\" style=\"--awb-margin-top-small:10px;--awb-margin-right-small:0px;--awb-margin-bottom-small:10px;--awb-margin-left-small:0px;\"><h2 class=\"fusion-title-heading title-heading-center fusion-responsive-typography-calculated\" style=\"margin:0;--fontSize:44;line-height:1.26;\">Estamos aqu\u00ed para convencer.<\/h2><\/div><div class=\"fusion-text fusion-text-4\" style=\"--awb-text-color:var(--awb-color4);\"><p style=\"text-align: center;\">Nuestra favorable ubicaci\u00f3n, nuestros modernos equipos y nuestras soluciones flexibles ofrecen numerosas ventajas para tus producciones. Compru\u00e9balo t\u00fa mismo y conoce nuestro servicio orientado a proyectos.<\/p>\n<p style=\"text-align: center;\"><strong>Tambi\u00e9n estaremos encantados de asesorarte: \u00a1personalizado y adaptado a tus producciones!<\/strong><\/p>\n<\/div><div style=\"text-align:center;\"><a class=\"fusion-button button-flat fusion-button-default-size button-default fusion-button-default button-2 fusion-button-default-span fusion-button-default-type fusion-animated\" data-animationType=\"flipiny\" data-animationDuration=\"1.0\" data-animationOffset=\"top-into-view\" target=\"_self\" href=\"https:\/\/lichthaus.net\/es\/contacta-con-nosotros\/\"><span class=\"fusion-button-text awb-button__text awb-button__text--default\">Ponte en contacto con nosotros<\/span><\/a><\/div><\/div><\/div><\/div><\/div>\n<\/p>\n","protected":false},"excerpt":{"rendered":"","protected":false},"author":2,"featured_media":0,"parent":0,"menu_order":0,"comment_status":"closed","ping_status":"closed","template":"100-width.php","meta":{"footnotes":""},"class_list":["post-4126","page","type-page","status-publish","hentry"],"aioseo_notices":[],"_links":{"self":[{"href":"https:\/\/lichthaus.net\/es\/wp-json\/wp\/v2\/pages\/4126","targetHints":{"allow":["GET"]}}],"collection":[{"href":"https:\/\/lichthaus.net\/es\/wp-json\/wp\/v2\/pages"}],"about":[{"href":"https:\/\/lichthaus.net\/es\/wp-json\/wp\/v2\/types\/page"}],"author":[{"embeddable":true,"href":"https:\/\/lichthaus.net\/es\/wp-json\/wp\/v2\/users\/2"}],"replies":[{"embeddable":true,"href":"https:\/\/lichthaus.net\/es\/wp-json\/wp\/v2\/comments?post=4126"}],"version-history":[{"count":10,"href":"https:\/\/lichthaus.net\/es\/wp-json\/wp\/v2\/pages\/4126\/revisions"}],"predecessor-version":[{"id":5040,"href":"https:\/\/lichthaus.net\/es\/wp-json\/wp\/v2\/pages\/4126\/revisions\/5040"}],"wp:attachment":[{"href":"https:\/\/lichthaus.net\/es\/wp-json\/wp\/v2\/media?parent=4126"}],"curies":[{"name":"wp","href":"https:\/\/api.w.org\/{rel}","templated":true}]}}