{"id":3918,"date":"2023-01-19T14:03:55","date_gmt":"2023-01-19T13:03:55","guid":{"rendered":"https:\/\/lichthaus.net\/soluciones-para-flotas\/"},"modified":"2025-09-01T11:32:12","modified_gmt":"2025-09-01T09:32:12","slug":"loesungen-fuhrpark","status":"publish","type":"page","link":"https:\/\/lichthaus.net\/es\/loesungen-fuhrpark\/","title":{"rendered":"Soluciones para el parking automovil\u00edstico"},"content":{"rendered":"<p><div class=\"fusion-fullwidth fullwidth-box fusion-builder-row-1 fusion-flex-container has-pattern-background has-mask-background nonhundred-percent-fullwidth non-hundred-percent-height-scrolling\" style=\"--awb-border-radius-top-left:0px;--awb-border-radius-top-right:0px;--awb-border-radius-bottom-right:0px;--awb-border-radius-bottom-left:0px;--awb-flex-wrap:wrap;\" ><div class=\"fusion-builder-row fusion-row fusion-flex-align-items-flex-start fusion-flex-content-wrap\" style=\"max-width:1404px;margin-left: calc(-4% \/ 2 );margin-right: calc(-4% \/ 2 );\"><div class=\"fusion-layout-column fusion_builder_column fusion-builder-column-0 fusion_builder_column_1_4 1_4 fusion-flex-column\" style=\"--awb-bg-size:cover;--awb-width-large:25%;--awb-margin-top-large:0px;--awb-spacing-right-large:7.68%;--awb-margin-bottom-large:20px;--awb-spacing-left-large:7.68%;--awb-width-medium:100%;--awb-order-medium:0;--awb-spacing-right-medium:1.92%;--awb-spacing-left-medium:1.92%;--awb-width-small:100%;--awb-order-small:0;--awb-spacing-right-small:1.92%;--awb-spacing-left-small:1.92%;\"><div class=\"fusion-column-wrapper fusion-column-has-shadow fusion-flex-justify-content-flex-start fusion-content-layout-column\"><div class=\"fusion-image-element \" style=\"--awb-caption-title-font-family:var(--h2_typography-font-family);--awb-caption-title-font-weight:var(--h2_typography-font-weight);--awb-caption-title-font-style:var(--h2_typography-font-style);--awb-caption-title-size:var(--h2_typography-font-size);--awb-caption-title-transform:var(--h2_typography-text-transform);--awb-caption-title-line-height:var(--h2_typography-line-height);--awb-caption-title-letter-spacing:var(--h2_typography-letter-spacing);\"><span class=\" fusion-imageframe imageframe-none imageframe-1 hover-type-none\"><img decoding=\"async\" width=\"2048\" height=\"1366\" title=\"04-04-22_AIL0325\" src=\"https:\/\/lichthaus.net\/wp-content\/uploads\/2023\/02\/04-04-22_AIL0325-scaled.jpg\" alt class=\"img-responsive wp-image-3701\" srcset=\"https:\/\/lichthaus.net\/wp-content\/uploads\/2023\/02\/04-04-22_AIL0325-200x133.jpg 200w, https:\/\/lichthaus.net\/wp-content\/uploads\/2023\/02\/04-04-22_AIL0325-400x267.jpg 400w, https:\/\/lichthaus.net\/wp-content\/uploads\/2023\/02\/04-04-22_AIL0325-600x400.jpg 600w, https:\/\/lichthaus.net\/wp-content\/uploads\/2023\/02\/04-04-22_AIL0325-800x533.jpg 800w, https:\/\/lichthaus.net\/wp-content\/uploads\/2023\/02\/04-04-22_AIL0325-1200x800.jpg 1200w, https:\/\/lichthaus.net\/wp-content\/uploads\/2023\/02\/04-04-22_AIL0325-scaled.jpg 2048w\" sizes=\"(max-width: 900px) 100vw, (max-width: 640px) 100vw, 400px\" \/><\/span><\/div><\/div><\/div><div class=\"fusion-layout-column fusion_builder_column fusion-builder-column-1 fusion_builder_column_1_4 1_4 fusion-flex-column\" style=\"--awb-bg-size:cover;--awb-width-large:25%;--awb-margin-top-large:0px;--awb-spacing-right-large:7.68%;--awb-margin-bottom-large:20px;--awb-spacing-left-large:7.68%;--awb-width-medium:100%;--awb-order-medium:0;--awb-spacing-right-medium:1.92%;--awb-spacing-left-medium:1.92%;--awb-width-small:100%;--awb-order-small:0;--awb-spacing-right-small:1.92%;--awb-spacing-left-small:1.92%;\"><div class=\"fusion-column-wrapper fusion-column-has-shadow fusion-flex-justify-content-flex-start fusion-content-layout-column\"><div class=\"fusion-image-element \" style=\"--awb-caption-title-font-family:var(--h2_typography-font-family);--awb-caption-title-font-weight:var(--h2_typography-font-weight);--awb-caption-title-font-style:var(--h2_typography-font-style);--awb-caption-title-size:var(--h2_typography-font-size);--awb-caption-title-transform:var(--h2_typography-text-transform);--awb-caption-title-line-height:var(--h2_typography-line-height);--awb-caption-title-letter-spacing:var(--h2_typography-letter-spacing);\"><span class=\" fusion-imageframe imageframe-none imageframe-2 hover-type-none\"><img decoding=\"async\" width=\"2048\" height=\"1366\" title=\"04-04-22_AIL0333\" src=\"https:\/\/lichthaus.net\/wp-content\/uploads\/2023\/02\/04-04-22_AIL0333-scaled.jpg\" alt class=\"img-responsive wp-image-3703\" srcset=\"https:\/\/lichthaus.net\/wp-content\/uploads\/2023\/02\/04-04-22_AIL0333-200x133.jpg 200w, https:\/\/lichthaus.net\/wp-content\/uploads\/2023\/02\/04-04-22_AIL0333-400x267.jpg 400w, https:\/\/lichthaus.net\/wp-content\/uploads\/2023\/02\/04-04-22_AIL0333-600x400.jpg 600w, https:\/\/lichthaus.net\/wp-content\/uploads\/2023\/02\/04-04-22_AIL0333-800x533.jpg 800w, https:\/\/lichthaus.net\/wp-content\/uploads\/2023\/02\/04-04-22_AIL0333-1200x800.jpg 1200w, https:\/\/lichthaus.net\/wp-content\/uploads\/2023\/02\/04-04-22_AIL0333-scaled.jpg 2048w\" sizes=\"(max-width: 900px) 100vw, (max-width: 640px) 100vw, 400px\" \/><\/span><\/div><\/div><\/div><div class=\"fusion-layout-column fusion_builder_column fusion-builder-column-2 fusion_builder_column_1_4 1_4 fusion-flex-column\" style=\"--awb-bg-size:cover;--awb-width-large:25%;--awb-margin-top-large:0px;--awb-spacing-right-large:7.68%;--awb-margin-bottom-large:20px;--awb-spacing-left-large:7.68%;--awb-width-medium:100%;--awb-order-medium:0;--awb-spacing-right-medium:1.92%;--awb-spacing-left-medium:1.92%;--awb-width-small:100%;--awb-order-small:0;--awb-spacing-right-small:1.92%;--awb-spacing-left-small:1.92%;\"><div class=\"fusion-column-wrapper fusion-column-has-shadow fusion-flex-justify-content-flex-start fusion-content-layout-column\"><div class=\"fusion-image-element \" style=\"--awb-caption-title-font-family:var(--h2_typography-font-family);--awb-caption-title-font-weight:var(--h2_typography-font-weight);--awb-caption-title-font-style:var(--h2_typography-font-style);--awb-caption-title-size:var(--h2_typography-font-size);--awb-caption-title-transform:var(--h2_typography-text-transform);--awb-caption-title-line-height:var(--h2_typography-line-height);--awb-caption-title-letter-spacing:var(--h2_typography-letter-spacing);\"><span class=\" fusion-imageframe imageframe-none imageframe-3 hover-type-none\"><img decoding=\"async\" width=\"2048\" height=\"1366\" title=\"04-04-22_AIL0343\" src=\"https:\/\/lichthaus.net\/wp-content\/uploads\/2023\/02\/04-04-22_AIL0343-scaled.jpg\" alt class=\"img-responsive wp-image-3707\" srcset=\"https:\/\/lichthaus.net\/wp-content\/uploads\/2023\/02\/04-04-22_AIL0343-200x133.jpg 200w, https:\/\/lichthaus.net\/wp-content\/uploads\/2023\/02\/04-04-22_AIL0343-400x267.jpg 400w, https:\/\/lichthaus.net\/wp-content\/uploads\/2023\/02\/04-04-22_AIL0343-600x400.jpg 600w, https:\/\/lichthaus.net\/wp-content\/uploads\/2023\/02\/04-04-22_AIL0343-800x533.jpg 800w, https:\/\/lichthaus.net\/wp-content\/uploads\/2023\/02\/04-04-22_AIL0343-1200x800.jpg 1200w, https:\/\/lichthaus.net\/wp-content\/uploads\/2023\/02\/04-04-22_AIL0343-scaled.jpg 2048w\" sizes=\"(max-width: 900px) 100vw, (max-width: 640px) 100vw, 400px\" \/><\/span><\/div><\/div><\/div><div class=\"fusion-layout-column fusion_builder_column fusion-builder-column-3 fusion_builder_column_1_4 1_4 fusion-flex-column\" style=\"--awb-bg-size:cover;--awb-width-large:25%;--awb-margin-top-large:0px;--awb-spacing-right-large:7.68%;--awb-margin-bottom-large:20px;--awb-spacing-left-large:7.68%;--awb-width-medium:100%;--awb-order-medium:0;--awb-spacing-right-medium:1.92%;--awb-spacing-left-medium:1.92%;--awb-width-small:100%;--awb-order-small:0;--awb-spacing-right-small:1.92%;--awb-spacing-left-small:1.92%;\"><div class=\"fusion-column-wrapper fusion-column-has-shadow fusion-flex-justify-content-flex-start fusion-content-layout-column\"><div class=\"fusion-image-element \" style=\"--awb-caption-title-font-family:var(--h2_typography-font-family);--awb-caption-title-font-weight:var(--h2_typography-font-weight);--awb-caption-title-font-style:var(--h2_typography-font-style);--awb-caption-title-size:var(--h2_typography-font-size);--awb-caption-title-transform:var(--h2_typography-text-transform);--awb-caption-title-line-height:var(--h2_typography-line-height);--awb-caption-title-letter-spacing:var(--h2_typography-letter-spacing);\"><span class=\" fusion-imageframe imageframe-none imageframe-4 hover-type-none\"><img decoding=\"async\" width=\"2048\" height=\"1366\" title=\"04-04-22_AIL0312\" src=\"https:\/\/lichthaus.net\/wp-content\/uploads\/2023\/02\/04-04-22_AIL0312-scaled.jpg\" alt class=\"img-responsive wp-image-3697\" srcset=\"https:\/\/lichthaus.net\/wp-content\/uploads\/2023\/02\/04-04-22_AIL0312-200x133.jpg 200w, https:\/\/lichthaus.net\/wp-content\/uploads\/2023\/02\/04-04-22_AIL0312-400x267.jpg 400w, https:\/\/lichthaus.net\/wp-content\/uploads\/2023\/02\/04-04-22_AIL0312-600x400.jpg 600w, https:\/\/lichthaus.net\/wp-content\/uploads\/2023\/02\/04-04-22_AIL0312-800x533.jpg 800w, https:\/\/lichthaus.net\/wp-content\/uploads\/2023\/02\/04-04-22_AIL0312-1200x800.jpg 1200w, https:\/\/lichthaus.net\/wp-content\/uploads\/2023\/02\/04-04-22_AIL0312-scaled.jpg 2048w\" sizes=\"(max-width: 900px) 100vw, (max-width: 640px) 100vw, 400px\" \/><\/span><\/div><\/div><\/div><div class=\"fusion-layout-column fusion_builder_column fusion-builder-column-4 fusion_builder_column_1_1 1_1 fusion-flex-column\" style=\"--awb-bg-size:cover;--awb-width-large:100%;--awb-margin-top-large:0px;--awb-spacing-right-large:1.92%;--awb-margin-bottom-large:20px;--awb-spacing-left-large:1.92%;--awb-width-medium:100%;--awb-order-medium:0;--awb-spacing-right-medium:1.92%;--awb-spacing-left-medium:1.92%;--awb-width-small:100%;--awb-order-small:0;--awb-spacing-right-small:1.92%;--awb-spacing-left-small:1.92%;\"><div class=\"fusion-column-wrapper fusion-column-has-shadow fusion-flex-justify-content-flex-start fusion-content-layout-column\"><div class=\"fusion-text fusion-text-1\"><p>Desde furgonetas Sprinter de 3,5\u202ft hasta camiones de 12\u202ft, nuestra flota lo tiene todo. Sabemos lo que nuestros clientes necesitan: estanter\u00edas y rampas elevadoras facilitan el trabajo en el set. <\/p>\n<p>Nuestra industria no solo es apasionante, sino tambi\u00e9n muy comprometida con el medio ambiente. Por eso, todos nuestros generadores est\u00e1n equipados con filtros de part\u00edculas de holl\u00edn: <\/p>\n<div>\n<ul>\n<li>25 KW 3,5t<\/li>\n<li>50 KW 3,5t<\/li>\n<li>50 KW 5,5t tracci\u00f3n total<\/li>\n<li>100 KW 7,5t<\/li>\n<li>56 KW 5,5t H\u00edbrido<\/li>\n<\/ul>\n<\/div>\n<p>Si quieres ir un paso m\u00e1s all\u00e1 con nosotros, coge nuestro generador h\u00edbrido de bater\u00eda (potencia m\u00e1xima del sistema de carga: 56 KW\/ 5,5 toneladas).<\/p>\n<\/div><\/div><\/div><\/div><\/div><div class=\"fusion-fullwidth fullwidth-box fusion-builder-row-2 fusion-flex-container has-pattern-background has-mask-background nonhundred-percent-fullwidth non-hundred-percent-height-scrolling\" style=\"--awb-border-radius-top-left:0px;--awb-border-radius-top-right:0px;--awb-border-radius-bottom-right:0px;--awb-border-radius-bottom-left:0px;--awb-flex-wrap:wrap;\" ><div class=\"fusion-builder-row fusion-row fusion-flex-align-items-flex-start fusion-flex-content-wrap\" style=\"max-width:1404px;margin-left: calc(-4% \/ 2 );margin-right: calc(-4% \/ 2 );\"><div class=\"fusion-layout-column fusion_builder_column fusion-builder-column-5 fusion_builder_column_1_1 1_1 fusion-flex-column\" style=\"--awb-bg-size:cover;--awb-width-large:100%;--awb-margin-top-large:0px;--awb-spacing-right-large:1.92%;--awb-margin-bottom-large:20px;--awb-spacing-left-large:1.92%;--awb-width-medium:100%;--awb-order-medium:0;--awb-spacing-right-medium:1.92%;--awb-spacing-left-medium:1.92%;--awb-width-small:100%;--awb-order-small:0;--awb-spacing-right-small:1.92%;--awb-spacing-left-small:1.92%;\"><div class=\"fusion-column-wrapper fusion-column-has-shadow fusion-flex-justify-content-flex-start fusion-content-layout-column\"><div class=\"fusion-separator fusion-full-width-sep\" style=\"align-self: center;margin-left: auto;margin-right: auto;margin-top:1%;margin-bottom:1%;width:100%;\"><div class=\"fusion-separator-border sep-single sep-dashed\" style=\"--awb-height:20px;--awb-amount:20px;border-color:var(--awb-color5);border-top-width:1px;\"><\/div><\/div><div class=\"fusion-title title fusion-title-1 fusion-sep-none fusion-title-text fusion-title-size-two\" style=\"--awb-margin-top-small:10px;--awb-margin-right-small:0px;--awb-margin-bottom-small:10px;--awb-margin-left-small:0px;\"><h2 class=\"fusion-title-heading title-heading-left fusion-responsive-typography-calculated\" style=\"margin:0;--fontSize:44;line-height:1.26;\">Generadores con filtro de part\u00edculas de holl\u00edn<\/h2><\/div><div class=\"fusion-content-boxes content-boxes columns row fusion-columns-3 fusion-columns-total-3 fusion-content-boxes-1 content-boxes-icon-with-title content-left\" style=\"--awb-backgroundcolor:var(--awb-color8);--awb-body-color:var(--awb-color1);--awb-title-color:var(--awb-custom11);--awb-hover-accent-color:var(--awb-color5);--awb-circle-hover-accent-color:var(--awb-color5);\" data-animationOffset=\"top-into-view\"><div style=\"--awb-backgroundcolor:var(--awb-color8);\" class=\"fusion-column content-box-column content-box-column content-box-column-1 col-lg-4 col-md-4 col-sm-4 fusion-content-box-hover content-box-column-first-in-row\"><div class=\"col content-box-wrapper content-wrapper-background link-area-link-icon content-icon-wrapper-yes icon-hover-animation-fade\" data-animationOffset=\"top-into-view\"><div class=\"heading icon-left\"><h2 class=\"content-box-heading fusion-responsive-typography-calculated\" style=\"--h2_typography-font-size:24px;--fontSize:24;line-height:1.26;\">Genny 80 KW 5,5 t<\/h2><\/div><div class=\"fusion-clearfix\"><\/div><div class=\"content-container\">\n<p><img decoding=\"async\" class=\"alignnone wp-image-3212 size-full\" src=\"https:\/\/lichthaus.net\/wp-content\/uploads\/2023\/02\/05-04-22_AIL0364-scaled.jpg\" alt=\"\" width=\"2560\" height=\"1707\" srcset=\"https:\/\/lichthaus.net\/wp-content\/uploads\/2023\/02\/05-04-22_AIL0364-200x133.jpg 200w, https:\/\/lichthaus.net\/wp-content\/uploads\/2023\/02\/05-04-22_AIL0364-300x200.jpg 300w, https:\/\/lichthaus.net\/wp-content\/uploads\/2023\/02\/05-04-22_AIL0364-400x267.jpg 400w, https:\/\/lichthaus.net\/wp-content\/uploads\/2023\/02\/05-04-22_AIL0364-600x400.jpg 600w, https:\/\/lichthaus.net\/wp-content\/uploads\/2023\/02\/05-04-22_AIL0364-768x512.jpg 768w, https:\/\/lichthaus.net\/wp-content\/uploads\/2023\/02\/05-04-22_AIL0364-800x533.jpg 800w, https:\/\/lichthaus.net\/wp-content\/uploads\/2023\/02\/05-04-22_AIL0364-1024x683.jpg 1024w, https:\/\/lichthaus.net\/wp-content\/uploads\/2023\/02\/05-04-22_AIL0364-1200x800.jpg 1200w, https:\/\/lichthaus.net\/wp-content\/uploads\/2023\/02\/05-04-22_AIL0364-1536x1024.jpg 1536w, https:\/\/lichthaus.net\/wp-content\/uploads\/2023\/02\/05-04-22_AIL0364-scaled.jpg 2048w\" sizes=\"(max-width: 2560px) 100vw, 2560px\" \/><\/p>\n<\/div><\/div><\/div><div style=\"--awb-backgroundcolor:var(--awb-color8);\" class=\"fusion-column content-box-column content-box-column content-box-column-2 col-lg-4 col-md-4 col-sm-4 fusion-content-box-hover \"><div class=\"col content-box-wrapper content-wrapper-background link-area-link-icon content-icon-wrapper-yes icon-hover-animation-fade\" data-animationOffset=\"top-into-view\"><div class=\"heading icon-left\"><h2 class=\"content-box-heading fusion-responsive-typography-calculated\" style=\"--h2_typography-font-size:24px;--fontSize:24;line-height:1.26;\">Genny 50 KW 3,5 t<\/h2><\/div><div class=\"fusion-clearfix\"><\/div><div class=\"content-container\">\n<p><img decoding=\"async\" class=\"alignnone wp-image-3203 size-full\" src=\"https:\/\/lichthaus.net\/wp-content\/uploads\/2023\/02\/04-04-22_AIL0302-scaled.jpg\" alt=\"\" width=\"2560\" height=\"1707\" srcset=\"https:\/\/lichthaus.net\/wp-content\/uploads\/2023\/02\/04-04-22_AIL0302-200x133.jpg 200w, https:\/\/lichthaus.net\/wp-content\/uploads\/2023\/02\/04-04-22_AIL0302-300x200.jpg 300w, https:\/\/lichthaus.net\/wp-content\/uploads\/2023\/02\/04-04-22_AIL0302-400x267.jpg 400w, https:\/\/lichthaus.net\/wp-content\/uploads\/2023\/02\/04-04-22_AIL0302-600x400.jpg 600w, https:\/\/lichthaus.net\/wp-content\/uploads\/2023\/02\/04-04-22_AIL0302-768x512.jpg 768w, https:\/\/lichthaus.net\/wp-content\/uploads\/2023\/02\/04-04-22_AIL0302-800x533.jpg 800w, https:\/\/lichthaus.net\/wp-content\/uploads\/2023\/02\/04-04-22_AIL0302-1024x683.jpg 1024w, https:\/\/lichthaus.net\/wp-content\/uploads\/2023\/02\/04-04-22_AIL0302-1200x800.jpg 1200w, https:\/\/lichthaus.net\/wp-content\/uploads\/2023\/02\/04-04-22_AIL0302-1536x1024.jpg 1536w, https:\/\/lichthaus.net\/wp-content\/uploads\/2023\/02\/04-04-22_AIL0302-scaled.jpg 2048w\" sizes=\"(max-width: 2560px) 100vw, 2560px\" \/><\/p>\n<\/div><\/div><\/div><div style=\"--awb-backgroundcolor:var(--awb-color8);\" class=\"fusion-column content-box-column content-box-column content-box-column-3 col-lg-4 col-md-4 col-sm-4 fusion-content-box-hover content-box-column-last content-box-column-last-in-row\"><div class=\"col content-box-wrapper content-wrapper-background link-area-link-icon content-icon-wrapper-yes icon-hover-animation-fade\" data-animationOffset=\"top-into-view\"><div class=\"heading icon-left\"><h2 class=\"content-box-heading fusion-responsive-typography-calculated\" style=\"--h2_typography-font-size:24px;--fontSize:24;line-height:1.26;\">Genny 25 KW 3,5 t<\/h2><\/div><div class=\"fusion-clearfix\"><\/div><div class=\"content-container\">\n<p><img decoding=\"async\" class=\"alignnone wp-image-3202 size-full\" src=\"https:\/\/lichthaus.net\/wp-content\/uploads\/2023\/02\/04-04-22_AIL0298-scaled.jpg\" alt=\"\" width=\"2560\" height=\"1707\" srcset=\"https:\/\/lichthaus.net\/wp-content\/uploads\/2023\/02\/04-04-22_AIL0298-200x133.jpg 200w, https:\/\/lichthaus.net\/wp-content\/uploads\/2023\/02\/04-04-22_AIL0298-300x200.jpg 300w, https:\/\/lichthaus.net\/wp-content\/uploads\/2023\/02\/04-04-22_AIL0298-400x267.jpg 400w, https:\/\/lichthaus.net\/wp-content\/uploads\/2023\/02\/04-04-22_AIL0298-600x400.jpg 600w, https:\/\/lichthaus.net\/wp-content\/uploads\/2023\/02\/04-04-22_AIL0298-768x512.jpg 768w, https:\/\/lichthaus.net\/wp-content\/uploads\/2023\/02\/04-04-22_AIL0298-800x533.jpg 800w, https:\/\/lichthaus.net\/wp-content\/uploads\/2023\/02\/04-04-22_AIL0298-1024x683.jpg 1024w, https:\/\/lichthaus.net\/wp-content\/uploads\/2023\/02\/04-04-22_AIL0298-1200x800.jpg 1200w, https:\/\/lichthaus.net\/wp-content\/uploads\/2023\/02\/04-04-22_AIL0298-1536x1024.jpg 1536w, https:\/\/lichthaus.net\/wp-content\/uploads\/2023\/02\/04-04-22_AIL0298-scaled.jpg 2048w\" sizes=\"(max-width: 2560px) 100vw, 2560px\" \/><\/p>\n<\/div><\/div><\/div><div class=\"fusion-clearfix\"><\/div><\/div><\/div><\/div><\/div><\/div><div class=\"fusion-fullwidth fullwidth-box fusion-builder-row-3 fusion-flex-container has-pattern-background has-mask-background nonhundred-percent-fullwidth non-hundred-percent-height-scrolling\" style=\"--awb-border-radius-top-left:0px;--awb-border-radius-top-right:0px;--awb-border-radius-bottom-right:0px;--awb-border-radius-bottom-left:0px;--awb-flex-wrap:wrap;\" ><div class=\"fusion-builder-row fusion-row fusion-flex-align-items-flex-start fusion-flex-content-wrap\" style=\"max-width:1404px;margin-left: calc(-4% \/ 2 );margin-right: calc(-4% \/ 2 );\"><div class=\"fusion-layout-column fusion_builder_column fusion-builder-column-6 fusion_builder_column_1_1 1_1 fusion-flex-column\" style=\"--awb-bg-size:cover;--awb-width-large:100%;--awb-margin-top-large:0px;--awb-spacing-right-large:1.92%;--awb-margin-bottom-large:20px;--awb-spacing-left-large:1.92%;--awb-width-medium:100%;--awb-order-medium:0;--awb-spacing-right-medium:1.92%;--awb-spacing-left-medium:1.92%;--awb-width-small:100%;--awb-order-small:0;--awb-spacing-right-small:1.92%;--awb-spacing-left-small:1.92%;\"><div class=\"fusion-column-wrapper fusion-column-has-shadow fusion-flex-justify-content-flex-start fusion-content-layout-column\"><div class=\"fusion-separator fusion-full-width-sep\" style=\"align-self: center;margin-left: auto;margin-right: auto;margin-top:1%;margin-bottom:1%;width:100%;\"><div class=\"fusion-separator-border sep-single sep-dashed\" style=\"--awb-height:20px;--awb-amount:20px;border-color:var(--awb-color5);border-top-width:1px;\"><\/div><\/div><div class=\"fusion-title title fusion-title-2 fusion-sep-none fusion-title-text fusion-title-size-two\" style=\"--awb-margin-top-small:10px;--awb-margin-right-small:0px;--awb-margin-bottom-small:10px;--awb-margin-left-small:0px;\"><h2 class=\"fusion-title-heading title-heading-left fusion-responsive-typography-calculated\" style=\"margin:0;--fontSize:44;line-height:1.26;\">Generador h\u00edbrido de bater\u00eda<\/h2><\/div><div class=\"fusion-content-boxes content-boxes columns row fusion-columns-3 fusion-columns-total-1 fusion-content-boxes-2 content-boxes-icon-with-title content-left\" style=\"--awb-backgroundcolor:var(--awb-color8);--awb-body-color:var(--awb-color1);--awb-title-color:var(--awb-custom11);--awb-hover-accent-color:var(--awb-color5);--awb-circle-hover-accent-color:var(--awb-color5);\" data-animationOffset=\"top-into-view\"><div style=\"--awb-backgroundcolor:var(--awb-color8);\" class=\"fusion-column content-box-column content-box-column content-box-column-1 col-lg-4 col-md-4 col-sm-4 fusion-content-box-hover content-box-column-first-in-row content-box-column-last\"><div class=\"col content-box-wrapper content-wrapper-background link-area-link-icon content-icon-wrapper-yes icon-hover-animation-fade\" data-animationOffset=\"top-into-view\"><div class=\"heading icon-left\"><h2 class=\"content-box-heading fusion-responsive-typography-calculated\" style=\"--h2_typography-font-size:24px;--fontSize:24;line-height:1.26;\">Genny 56 KW 5,5 t<\/h2><\/div><div class=\"fusion-clearfix\"><\/div><div class=\"content-container\">\n<p><img decoding=\"async\" class=\"alignnone wp-image-3210 size-full\" src=\"https:\/\/lichthaus.net\/wp-content\/uploads\/2023\/02\/04-04-22_AIL0338-scaled.jpg\" alt=\"\" width=\"2560\" height=\"1707\" srcset=\"https:\/\/lichthaus.net\/wp-content\/uploads\/2023\/02\/04-04-22_AIL0338-200x133.jpg 200w, https:\/\/lichthaus.net\/wp-content\/uploads\/2023\/02\/04-04-22_AIL0338-300x200.jpg 300w, https:\/\/lichthaus.net\/wp-content\/uploads\/2023\/02\/04-04-22_AIL0338-400x267.jpg 400w, https:\/\/lichthaus.net\/wp-content\/uploads\/2023\/02\/04-04-22_AIL0338-600x400.jpg 600w, https:\/\/lichthaus.net\/wp-content\/uploads\/2023\/02\/04-04-22_AIL0338-768x512.jpg 768w, https:\/\/lichthaus.net\/wp-content\/uploads\/2023\/02\/04-04-22_AIL0338-800x533.jpg 800w, https:\/\/lichthaus.net\/wp-content\/uploads\/2023\/02\/04-04-22_AIL0338-1024x683.jpg 1024w, https:\/\/lichthaus.net\/wp-content\/uploads\/2023\/02\/04-04-22_AIL0338-1200x800.jpg 1200w, https:\/\/lichthaus.net\/wp-content\/uploads\/2023\/02\/04-04-22_AIL0338-1536x1024.jpg 1536w, https:\/\/lichthaus.net\/wp-content\/uploads\/2023\/02\/04-04-22_AIL0338-scaled.jpg 2048w\" sizes=\"(max-width: 2560px) 100vw, 2560px\" \/><\/p>\n<\/div><\/div><\/div><div class=\"fusion-clearfix\"><\/div><\/div><\/div><\/div><\/div><\/div><div class=\"fusion-fullwidth fullwidth-box fusion-builder-row-4 fusion-flex-container has-pattern-background has-mask-background fusion-parallax-none nonhundred-percent-fullwidth non-hundred-percent-height-scrolling\" style=\"--awb-border-radius-top-left:0px;--awb-border-radius-top-right:0px;--awb-border-radius-bottom-right:0px;--awb-border-radius-bottom-left:0px;--awb-padding-top:3%;--awb-padding-right:9%;--awb-padding-bottom:3%;--awb-padding-left:9%;--awb-margin-top:3%;--awb-margin-bottom:3%;--awb-background-image:url(&quot;https:\/\/lichthaus.net\/wp-content\/uploads\/2023\/03\/hintergrundbild-scaled.jpg-300x200.webp&quot;);--awb-background-size:cover;--awb-flex-wrap:wrap;\" ><div class=\"fusion-builder-row fusion-row fusion-flex-align-items-flex-start fusion-flex-content-wrap\" style=\"max-width:1404px;margin-left: calc(-4% \/ 2 );margin-right: calc(-4% \/ 2 );\"><div class=\"fusion-layout-column fusion_builder_column fusion-builder-column-7 fusion_builder_column_1_1 1_1 fusion-flex-column\" style=\"--awb-bg-size:cover;--awb-width-large:100%;--awb-margin-top-large:0px;--awb-spacing-right-large:1.92%;--awb-margin-bottom-large:20px;--awb-spacing-left-large:1.92%;--awb-width-medium:100%;--awb-order-medium:0;--awb-spacing-right-medium:1.92%;--awb-spacing-left-medium:1.92%;--awb-width-small:100%;--awb-order-small:0;--awb-spacing-right-small:1.92%;--awb-spacing-left-small:1.92%;\"><div class=\"fusion-column-wrapper fusion-column-has-shadow fusion-flex-justify-content-flex-start fusion-content-layout-column\"><div class=\"fusion-title title fusion-title-3 fusion-sep-none fusion-title-center fusion-title-text fusion-title-size-two\" style=\"--awb-margin-top-small:10px;--awb-margin-right-small:0px;--awb-margin-bottom-small:10px;--awb-margin-left-small:0px;\"><h2 class=\"fusion-title-heading title-heading-center fusion-responsive-typography-calculated\" style=\"margin:0;--fontSize:44;line-height:1.26;\">Estamos aqu\u00ed para convencer.<\/h2><\/div><div class=\"fusion-text fusion-text-2\" style=\"--awb-text-color:var(--awb-color4);\"><p style=\"text-align: center;\">Nuestra favorable ubicaci\u00f3n, nuestros modernos equipos y nuestras soluciones flexibles ofrecen numerosas ventajas para tus producciones. Compru\u00e9balo t\u00fa mismo y conoce nuestro servicio orientado a proyectos.<\/p>\n<p style=\"text-align: center;\"><strong>Tambi\u00e9n estaremos encantados de asesorarte: \u00a1personalizado y adaptado a tus producciones!<\/strong><\/p>\n<\/div><div style=\"text-align:center;\"><a class=\"fusion-button button-flat fusion-button-default-size button-default fusion-button-default button-1 fusion-button-default-span fusion-button-default-type fusion-animated\" data-animationType=\"flipiny\" data-animationDuration=\"1.0\" data-animationOffset=\"top-into-view\" target=\"_self\" href=\"https:\/\/lichthaus.net\/es\/contacta-con-nosotros\/\"><span class=\"fusion-button-text awb-button__text awb-button__text--default\">Ponte en contacto con nosotros<\/span><\/a><\/div><\/div><\/div><\/div><\/div>\n<\/p>\n","protected":false},"excerpt":{"rendered":"","protected":false},"author":2,"featured_media":0,"parent":0,"menu_order":0,"comment_status":"closed","ping_status":"closed","template":"100-width.php","meta":{"footnotes":""},"class_list":["post-3918","page","type-page","status-publish","hentry"],"aioseo_notices":[],"_links":{"self":[{"href":"https:\/\/lichthaus.net\/es\/wp-json\/wp\/v2\/pages\/3918","targetHints":{"allow":["GET"]}}],"collection":[{"href":"https:\/\/lichthaus.net\/es\/wp-json\/wp\/v2\/pages"}],"about":[{"href":"https:\/\/lichthaus.net\/es\/wp-json\/wp\/v2\/types\/page"}],"author":[{"embeddable":true,"href":"https:\/\/lichthaus.net\/es\/wp-json\/wp\/v2\/users\/2"}],"replies":[{"embeddable":true,"href":"https:\/\/lichthaus.net\/es\/wp-json\/wp\/v2\/comments?post=3918"}],"version-history":[{"count":8,"href":"https:\/\/lichthaus.net\/es\/wp-json\/wp\/v2\/pages\/3918\/revisions"}],"predecessor-version":[{"id":5076,"href":"https:\/\/lichthaus.net\/es\/wp-json\/wp\/v2\/pages\/3918\/revisions\/5076"}],"wp:attachment":[{"href":"https:\/\/lichthaus.net\/es\/wp-json\/wp\/v2\/media?parent=3918"}],"curies":[{"name":"wp","href":"https:\/\/api.w.org\/{rel}","templated":true}]}}