{"id":3834,"date":"2023-02-02T11:30:48","date_gmt":"2023-02-02T10:30:48","guid":{"rendered":"https:\/\/lichthaus.net\/soluciones-de-aparejo\/"},"modified":"2025-09-01T11:26:00","modified_gmt":"2025-09-01T09:26:00","slug":"loesungen-rigging","status":"publish","type":"page","link":"https:\/\/lichthaus.net\/es\/loesungen-rigging\/","title":{"rendered":"Soluciones de Rigging"},"content":{"rendered":"<p><div class=\"fusion-fullwidth fullwidth-box fusion-builder-row-1 fusion-flex-container has-pattern-background has-mask-background nonhundred-percent-fullwidth non-hundred-percent-height-scrolling\" style=\"--awb-border-radius-top-left:0px;--awb-border-radius-top-right:0px;--awb-border-radius-bottom-right:0px;--awb-border-radius-bottom-left:0px;--awb-flex-wrap:wrap;\" ><div class=\"fusion-builder-row fusion-row fusion-flex-align-items-flex-start fusion-flex-content-wrap\" style=\"max-width:1404px;margin-left: calc(-4% \/ 2 );margin-right: calc(-4% \/ 2 );\"><div class=\"fusion-layout-column fusion_builder_column fusion-builder-column-0 fusion_builder_column_1_3 1_3 fusion-flex-column\" style=\"--awb-bg-size:cover;--awb-width-large:33.3333333333%;--awb-margin-top-large:0px;--awb-spacing-right-large:5.76%;--awb-margin-bottom-large:20px;--awb-spacing-left-large:5.76%;--awb-width-medium:100%;--awb-order-medium:0;--awb-spacing-right-medium:1.92%;--awb-spacing-left-medium:1.92%;--awb-width-small:100%;--awb-order-small:0;--awb-spacing-right-small:1.92%;--awb-spacing-left-small:1.92%;\"><div class=\"fusion-column-wrapper fusion-column-has-shadow fusion-flex-justify-content-flex-start fusion-content-layout-column\"><div class=\"fusion-image-element \" style=\"--awb-aspect-ratio:16 \/ 9;--awb-object-position:40% 53%;--awb-caption-title-font-family:var(--h2_typography-font-family);--awb-caption-title-font-weight:var(--h2_typography-font-weight);--awb-caption-title-font-style:var(--h2_typography-font-style);--awb-caption-title-size:var(--h2_typography-font-size);--awb-caption-title-transform:var(--h2_typography-text-transform);--awb-caption-title-line-height:var(--h2_typography-line-height);--awb-caption-title-letter-spacing:var(--h2_typography-letter-spacing);\"><span class=\" fusion-imageframe imageframe-none imageframe-1 hover-type-none has-aspect-ratio\"><img decoding=\"async\" width=\"1000\" height=\"350\" title=\"Medion  DIGITAL CAMERA\" src=\"https:\/\/lichthaus.net\/wp-content\/uploads\/2023\/02\/alte_website_lichthaus-003.jpg\" class=\"img-responsive wp-image-3643 img-with-aspect-ratio\" data-parent-fit=\"cover\" data-parent-container=\".fusion-image-element\" alt srcset=\"https:\/\/lichthaus.net\/wp-content\/uploads\/2023\/02\/alte_website_lichthaus-003-200x70.jpg 200w, https:\/\/lichthaus.net\/wp-content\/uploads\/2023\/02\/alte_website_lichthaus-003-400x140.jpg 400w, https:\/\/lichthaus.net\/wp-content\/uploads\/2023\/02\/alte_website_lichthaus-003-600x210.jpg 600w, https:\/\/lichthaus.net\/wp-content\/uploads\/2023\/02\/alte_website_lichthaus-003-800x280.jpg 800w, https:\/\/lichthaus.net\/wp-content\/uploads\/2023\/02\/alte_website_lichthaus-003.jpg 1000w\" sizes=\"(max-width: 900px) 100vw, (max-width: 640px) 100vw, 600px\" \/><\/span><\/div><\/div><\/div><div class=\"fusion-layout-column fusion_builder_column fusion-builder-column-1 fusion_builder_column_2_3 2_3 fusion-flex-column\" style=\"--awb-bg-size:cover;--awb-width-large:66.6666666667%;--awb-margin-top-large:0px;--awb-spacing-right-large:2.88%;--awb-margin-bottom-large:20px;--awb-spacing-left-large:2.88%;--awb-width-medium:100%;--awb-order-medium:0;--awb-spacing-right-medium:1.92%;--awb-spacing-left-medium:1.92%;--awb-width-small:100%;--awb-order-small:0;--awb-spacing-right-small:1.92%;--awb-spacing-left-small:1.92%;\"><div class=\"fusion-column-wrapper fusion-column-has-shadow fusion-flex-justify-content-flex-start fusion-content-layout-column\"><div class=\"fusion-text fusion-text-1\"><p>Con nosotros, el montaje es integral: no solo suministramos trusses, sino que, si lo deseas, los instalamos directamente en el techo y entregamos el proyecto totalmente finalizado<\/p>\n<\/div><\/div><\/div><\/div><\/div><div class=\"fusion-fullwidth fullwidth-box fusion-builder-row-2 fusion-flex-container has-pattern-background has-mask-background fusion-parallax-none nonhundred-percent-fullwidth non-hundred-percent-height-scrolling\" style=\"--awb-border-radius-top-left:0px;--awb-border-radius-top-right:0px;--awb-border-radius-bottom-right:0px;--awb-border-radius-bottom-left:0px;--awb-padding-top:3%;--awb-padding-right:9%;--awb-padding-bottom:3%;--awb-padding-left:9%;--awb-margin-top:3%;--awb-margin-bottom:3%;--awb-background-image:url(&quot;https:\/\/lichthaus.net\/wp-content\/uploads\/2023\/03\/hintergrundbild-scaled.jpg-300x200.webp&quot;);--awb-background-size:cover;--awb-flex-wrap:wrap;\" ><div class=\"fusion-builder-row fusion-row fusion-flex-align-items-flex-start fusion-flex-content-wrap\" style=\"max-width:1404px;margin-left: calc(-4% \/ 2 );margin-right: calc(-4% \/ 2 );\"><div class=\"fusion-layout-column fusion_builder_column fusion-builder-column-2 fusion_builder_column_1_1 1_1 fusion-flex-column\" style=\"--awb-bg-size:cover;--awb-width-large:100%;--awb-margin-top-large:0px;--awb-spacing-right-large:1.92%;--awb-margin-bottom-large:20px;--awb-spacing-left-large:1.92%;--awb-width-medium:100%;--awb-order-medium:0;--awb-spacing-right-medium:1.92%;--awb-spacing-left-medium:1.92%;--awb-width-small:100%;--awb-order-small:0;--awb-spacing-right-small:1.92%;--awb-spacing-left-small:1.92%;\"><div class=\"fusion-column-wrapper fusion-column-has-shadow fusion-flex-justify-content-flex-start fusion-content-layout-column\"><div class=\"fusion-title title fusion-title-1 fusion-sep-none fusion-title-center fusion-title-text fusion-title-size-two\" style=\"--awb-margin-top-small:10px;--awb-margin-right-small:0px;--awb-margin-bottom-small:10px;--awb-margin-left-small:0px;\"><h2 class=\"fusion-title-heading title-heading-center fusion-responsive-typography-calculated\" style=\"margin:0;--fontSize:44;line-height:1.26;\">Estamos aqu\u00ed para convencer.<\/h2><\/div><div class=\"fusion-text fusion-text-2\" style=\"--awb-text-color:var(--awb-color4);\"><p style=\"text-align: center;\">Nuestra favorable ubicaci\u00f3n, nuestros modernos equipos y nuestras soluciones flexibles ofrecen numerosas ventajas para tus producciones. Compru\u00e9balo t\u00fa mismo y conoce nuestro servicio orientado a proyectos.<\/p>\n<p style=\"text-align: center;\"><strong>Tambi\u00e9n estaremos encantados de asesorarte: \u00a1personalizado y adaptado a tus producciones!<\/strong><\/p>\n<\/div><div style=\"text-align:center;\"><a class=\"fusion-button button-flat fusion-button-default-size button-default fusion-button-default button-1 fusion-button-default-span fusion-button-default-type fusion-animated\" data-animationType=\"flipiny\" data-animationDuration=\"1.0\" data-animationOffset=\"top-into-view\" target=\"_self\" href=\"https:\/\/lichthaus.net\/es\/contacta-con-nosotros\/\"><span class=\"fusion-button-text awb-button__text awb-button__text--default\">Ponte en contacto con nosotros<\/span><\/a><\/div><\/div><\/div><\/div><\/div>\n<\/p>\n","protected":false},"excerpt":{"rendered":"","protected":false},"author":2,"featured_media":0,"parent":0,"menu_order":0,"comment_status":"closed","ping_status":"closed","template":"100-width.php","meta":{"footnotes":""},"class_list":["post-3834","page","type-page","status-publish","hentry"],"aioseo_notices":[],"_links":{"self":[{"href":"https:\/\/lichthaus.net\/es\/wp-json\/wp\/v2\/pages\/3834","targetHints":{"allow":["GET"]}}],"collection":[{"href":"https:\/\/lichthaus.net\/es\/wp-json\/wp\/v2\/pages"}],"about":[{"href":"https:\/\/lichthaus.net\/es\/wp-json\/wp\/v2\/types\/page"}],"author":[{"embeddable":true,"href":"https:\/\/lichthaus.net\/es\/wp-json\/wp\/v2\/users\/2"}],"replies":[{"embeddable":true,"href":"https:\/\/lichthaus.net\/es\/wp-json\/wp\/v2\/comments?post=3834"}],"version-history":[{"count":10,"href":"https:\/\/lichthaus.net\/es\/wp-json\/wp\/v2\/pages\/3834\/revisions"}],"predecessor-version":[{"id":5055,"href":"https:\/\/lichthaus.net\/es\/wp-json\/wp\/v2\/pages\/3834\/revisions\/5055"}],"wp:attachment":[{"href":"https:\/\/lichthaus.net\/es\/wp-json\/wp\/v2\/media?parent=3834"}],"curies":[{"name":"wp","href":"https:\/\/api.w.org\/{rel}","templated":true}]}}